{"id":224,"date":"2021-11-09T23:42:05","date_gmt":"2021-11-09T22:42:05","guid":{"rendered":"https:\/\/konopnamaryska.pl\/?page_id=224"},"modified":"2022-12-07T16:50:50","modified_gmt":"2022-12-07T15:50:50","slug":"produkty-cbd","status":"publish","type":"page","link":"https:\/\/konopnamaryska.pl\/index.php\/produkty-cbd\/","title":{"rendered":"Produkty CBD"},"content":{"rendered":"\n<p class=\"has-medium-font-size\"><strong>Czym jest CBD?<\/strong><\/p>\n\n\n\n<p>CBD, czyli kannabidiol, to organiczny zwi\u0105zek chemiczny, pozyskiwany z kwiatostan\u00f3w konopi siewnych. Pomimo, \u017ce razem z THC przynale\u017cy do grupy kannabinoid\u00f3w, to wykazuje nieco inne w\u0142a\u015bciwo\u015bci. Jest substancj\u0105 w pe\u0142ni legaln\u0105, o szerokim spektrum dzia\u0142ania i wysokim profilu bezpiecze\u0144stwa. W przeciwie\u0144stwie do THC, nie ma dzia\u0142ania odurzaj\u0105cego i psychoaktywnego.<\/p>\n\n\n\n<p>CBD oddzia\u0142uje na organizm cz\u0142owieka przede wszystkim za po\u015brednictwem uk\u0142adu endokannabinoidowego (ECS, czyli endokannabinoidy, receptory kannabinoidowe, a tak\u017ce enzymy rozk\u0142adaj\u0105ce endokannabinoidy). Jego podstawow\u0105 funkcj\u0105 jest utrzymanie homeostazy, czyli wewn\u0119trznego stanu r\u00f3wnowagi.<\/p>\n\n\n\n<p>Synteza i wydzielanie endokannabinoid\u00f3w odbywa si\u0119 \u201cna \u017c\u0105danie\u201d, czyli w momencie gdy dochodzi do zaburzenia homeostazy. Dla przyk\u0142adu, s\u0105 to sytuacje takie jak krwotok czy gor\u0105czka. Nast\u0119puje w\u00f3wczas gwa\u0142towny wzrost poziomu endokannabinoid\u00f3w &#8211; ECS rusza na pomoc.<\/p>\n\n\n\n<p>Receptory kannabinoidowe rozsiane s\u0105 dos\u0142ownie w ca\u0142ym ciele cz\u0142owieka, a najwi\u0119ksze ich skupiska znajduj\u0105 si\u0119 w obr\u0119bie uk\u0142adu nerwowego. Przy\u0142\u0105czenie si\u0119 kannabinoidu do receptora powoduje kaskad\u0119 zmian na poziomie kom\u00f3rkowym, maj\u0105c\u0105 na celu przywr\u00f3cenie zaburzonej r\u00f3wnowagi. Warto zaznaczy\u0107, \u017ce identyczne dzia\u0142anie wykazuj\u0105 kannabinoidy syntetyzowane w organizmie, jak i te dostarczane z zewn\u0105trz, np. w trakcie suplementacji olejku CBD.<\/p>\n\n\n\n<p>Czas dzia\u0142ania endokannabinoid\u00f3w jest niezwykle kr\u00f3tki, wynosi maksymalnie kilka minut. Po spe\u0142nieniu swojej funkcji trafiaj\u0105 one do wn\u0119trza kom\u00f3rki i ulegaj\u0105 degradacji przy pomocy odpowiednich enzym\u00f3w.<\/p>\n\n\n\n<p><\/p>\n\n\n\n<p class=\"has-medium-font-size\"><strong>Korzy\u015bci z za\u017cywania CBD:<\/strong><\/p>\n\n\n\n<ol class=\"wp-block-list\"><li><strong>Pomaga w bezsenno\u015bci<\/strong><\/li><\/ol>\n\n\n\n<p>Badania sugeruj\u0105, \u017ce CBD mo\u017ce pom\u00f3c zar\u00f3wno w zasypianiu, jak i utrzymaniu snu. Wyniki bada\u0144 <a href=\"https:\/\/www.ncbi.nlm.nih.gov\/pmc\/articles\/PMC6326553\/\">tutaj<\/a>.<\/p>\n\n\n\n<p><strong>2. Niweluje b\u00f3l<\/strong><\/p>\n\n\n\n<p>CBD pomaga kontrolowa\u0107 b\u00f3l. Jedno badanie na zwierz\u0119tach z European Journal of Pain sugeruje, \u017ce CBD mo\u017ce pom\u00f3c w zmniejszeniu b\u00f3lu i stan\u00f3w zapalnych spowodowanych zapaleniem staw\u00f3w po na\u0142o\u017ceniu na sk\u00f3r\u0119. Inne badania wskazuj\u0105, w jaki spos\u00f3b CBD mo\u017ce hamowa\u0107 b\u00f3l zapalny i neuropatyczny, kt\u00f3re s\u0105 trudne do leczenia. Info o tym znajdziesz <a href=\"https:\/\/www.ncbi.nlm.nih.gov\/pmc\/articles\/PMC2503660\/\">tutaj<\/a>. Badania na temat dzia\u0142ania CBD w stanach reumatoidalnych znajdziesz <a href=\"https:\/\/pubmed.ncbi.nlm.nih.gov\/16282192\/\">tutaj<\/a>, a <a href=\"https:\/\/www.oarsijournal.com\/article\/S1063-4584(18)30167-5\/fulltext\">tutaj<\/a> osteoporozy.<\/p>\n\n\n\n<p><strong>3. U\u0142atwia radzenie sobie ze stresem, koi nerwy, zmniejsza l\u0119k i niepok\u00f3j, zwi\u0119ksza zadowolenie z \u017cycia<\/strong><\/p>\n\n\n\n<p>CBD po prostu nas rozlu\u017ania, a wtedy \u0142atwiej realnie oceni\u0107 zagro\u017cenie i znale\u017a\u0107 bezpieczne rozwi\u0105zania, nie przejmowa\u0107 si\u0119 tak bardzo sytuacjami, kt\u00f3re tak naprawd\u0119 najcze\u015bciej nie zagra\u017caj\u0105 bezpo\u015brednio naszemu \u017cyciu.<\/p>\n\n\n\n<p>Badania kliniczne na ten temat znajdziesz <a href=\"https:\/\/pubmed.ncbi.nlm.nih.gov\/30543451\/\">tutaj<\/a> i <a href=\"https:\/\/pubmed.ncbi.nlm.nih.gov\/20002102\/\">tutaj<\/a>.<\/p>\n\n\n\n<p><strong>4. Wspomaga leczenie i niweluje ataki padaczki<\/strong><\/p>\n\n\n\n<p>Najsilniejsze dowody naukowe dowodz\u0105 jego skuteczno\u015bci w leczeniu niekt\u00f3rych z najokrutniejszych zespo\u0142\u00f3w padaczki dzieci\u0119cej, takich jak zesp\u00f3\u0142 Draveta i zesp\u00f3\u0142 Lennoxa-Gastauta (LGS), kt\u00f3re zazwyczaj nie reaguj\u0105 do lek\u00f3w przeciwpadaczkowych. W licznych badaniach CBD by\u0142o w stanie zmniejszy\u0107 liczb\u0119 napad\u00f3w, a w niekt\u00f3rych przypadkach ca\u0142kowicie je zatrzyma\u0107. Badania <a href=\"https:\/\/www.fda.gov\/news-events\/press-announcements\/fda-approves-first-drug-comprised-active-ingredient-derived-marijuana-treat-rare-severe-forms\" data-type=\"URL\" data-id=\"https:\/\/www.fda.gov\/news-events\/press-announcements\/fda-approves-first-drug-comprised-active-ingredient-derived-marijuana-treat-rare-severe-forms\">tutaj<\/a><\/p>\n\n\n\n<p><strong>5. Pomaga wychodzi\u0107 z na\u0142og\u00f3w<\/strong><\/p>\n\n\n\n<p>Wed\u0142ug niekt\u00f3rych bada\u0144 na ludziach CBD mo\u017ce pom\u00f3c w zmniejszeniu apetytu na tyto\u0144 i heroin\u0119 w okre\u015blonych warunkach. Modele zwierz\u0119ce uzale\u017cnienia sugeruj\u0105, \u017ce mo\u017ce to r\u00f3wnie\u017c pom\u00f3c zmniejszy\u0107 apetyt na alkohol, konopie indyjskie, opiaty i \u015brodki pobudzaj\u0105ce. Artyku\u0142y o tym znajdziesz <a href=\"https:\/\/pubmed.ncbi.nlm.nih.gov\/26269227\/\" data-type=\"URL\" data-id=\"https:\/\/pubmed.ncbi.nlm.nih.gov\/26269227\/\">tutaj<\/a> i <a href=\"https:\/\/pubmed.ncbi.nlm.nih.gov\/31109198\/\" data-type=\"URL\" data-id=\"https:\/\/pubmed.ncbi.nlm.nih.gov\/31109198\/\">tutaj<\/a>.<\/p>\n\n\n\n<p><strong>6. Obni\u017ca poziom glukozy, pomaga wyj\u015b\u0107 z cukrzycy<\/strong><\/p>\n\n\n\n<p>Badania znajdziesz <a href=\"https:\/\/www.ncbi.nlm.nih.gov\/pmc\/articles\/PMC2228254\/\" data-type=\"URL\" data-id=\"https:\/\/www.ncbi.nlm.nih.gov\/pmc\/articles\/PMC2228254\/\">tutaj<\/a> i <a href=\"https:\/\/pubmed.ncbi.nlm.nih.gov\/16698671\/\" data-type=\"URL\" data-id=\"https:\/\/pubmed.ncbi.nlm.nih.gov\/16698671\/\">tutaj<\/a>.<\/p>\n\n\n\n<p><\/p>\n\n\n\n<p>Wi\u0119cej o CBD znajdziesz w artyku\u0142ach z Harvardu <a href=\"https:\/\/www.health.harvard.edu\/blog\/cannabidiol-cbd-what-we-know-and-what-we-dont-2018082414476\" data-type=\"URL\" data-id=\"https:\/\/www.health.harvard.edu\/blog\/cannabidiol-cbd-what-we-know-and-what-we-dont-2018082414476\">tutaj<\/a> lub Forbsa <a href=\"https:\/\/www.forbes.com\/health\/body\/cbd-oil-benefits\/\" data-type=\"URL\" data-id=\"https:\/\/www.forbes.com\/health\/body\/cbd-oil-benefits\/\">tutaj<\/a>.<\/p>\n\n\n\n<p class=\"has-small-font-size\">Wszystkie informacje podane na niniejszej stronie internetowej, jak r\u00f3wnie\u017c informacje, kt\u00f3re s\u0105 przekazywane za po\u015brednictwem tej strony, s\u0142u\u017c\u0105 wy\u0142\u0105cznie do cel\u00f3w edukacyjnych. \u017badna z przedstawianych tu informacji nie s\u0142u\u017cy jako zamiennik diagnozy lekarskiej i takiej informacji nie nale\u017cy uwa\u017ca\u0107 za porad\u0119 lekarsk\u0105 czy zalecane leczenie. Niniejsza strona internetowa nie wspiera, nie zatwierdza ani te\u017c nie broni dozwolonego i zabronionego stosowania substancji psychoaktywnych oraz psychotropowych, ani te\u017c wykonywania innych nielegalnych dzia\u0142a\u0144.\u00a0<\/p>\n\n\n<div data-block-name=\"woocommerce\/product-category\" data-categories=\"[33]\" class=\"wc-block-grid wp-block-product-category wc-block-product-category has-3-columns has-multiple-rows\"><ul class=\"wc-block-grid__products\"><li class=\"wc-block-grid__product\">\n\t\t\t\t<a href=\"https:\/\/konopnamaryska.pl\/index.php\/product\/swiateczny-mega-zestaw-cbg-cbd-dla-zaawansowanych\/\" class=\"wc-block-grid__product-link\">\n\t\t\t\t\t<div class=\"wc-block-grid__product-image\"><img loading=\"lazy\" decoding=\"async\" width=\"300\" height=\"457\" src=\"https:\/\/konopnamaryska.pl\/wp-content\/uploads\/2023\/08\/zestaw4-4Olejki-10ml-2x2-2herbatki-2x50-1-e1725287454652-300x457.jpg\" class=\"attachment-woocommerce_thumbnail size-woocommerce_thumbnail\" alt=\"MEGA zestaw CBG + CBD dla zaawansowanych\" \/><\/div>\n\t\t\t\t\t<div class=\"wc-block-grid__product-title\">MEGA zestaw CBG + CBD dla zaawansowanych<\/div>\n\t\t\t\t<\/a>\n\t\t\t\t\n\t\t\t\t<div class=\"wc-block-grid__product-price price\"><span class=\"woocommerce-Price-amount amount\">599,00&nbsp;<span class=\"woocommerce-Price-currencySymbol\">&#122;&#322;<\/span><\/span> &ndash; <span class=\"woocommerce-Price-amount amount\">1499,00&nbsp;<span class=\"woocommerce-Price-currencySymbol\">&#122;&#322;<\/span><\/span><\/div>\n\t\t\t\t\n\t\t\t\t<div class=\"wp-block-button wc-block-grid__product-add-to-cart\"><a href=\"https:\/\/konopnamaryska.pl\/index.php\/product\/swiateczny-mega-zestaw-cbg-cbd-dla-zaawansowanych\/\" aria-label=\"Wybierz opcje dla &bdquo;MEGA zestaw CBG + CBD dla zaawansowanych&rdquo;\" data-quantity=\"1\" data-product_id=\"625\" data-product_sku=\"\" rel=\"nofollow\" class=\"wp-block-button__link wp-element-button add_to_cart_button\">Wybierz opcje<\/a><\/div>\n\t\t\t<\/li><li class=\"wc-block-grid__product\">\n\t\t\t\t<a href=\"https:\/\/konopnamaryska.pl\/index.php\/product\/swiateczny-eliksirowy-mega-zestaw-cbg-cbd-dla-poczatkujacych\/\" class=\"wc-block-grid__product-link\">\n\t\t\t\t\t<div class=\"wc-block-grid__product-image\"><img loading=\"lazy\" decoding=\"async\" width=\"300\" height=\"457\" src=\"https:\/\/konopnamaryska.pl\/wp-content\/uploads\/2023\/08\/zestaw4-4Olejki-10ml-2x2-2herbatki-2x50-1-e1725287454652-300x457.jpg\" class=\"attachment-woocommerce_thumbnail size-woocommerce_thumbnail\" alt=\"MEGA zestaw CBG + CBD dla pocz\u0105tkuj\u0105cych\" \/><\/div>\n\t\t\t\t\t<div class=\"wc-block-grid__product-title\">MEGA zestaw CBG + CBD dla pocz\u0105tkuj\u0105cych<\/div>\n\t\t\t\t<\/a>\n\t\t\t\t\n\t\t\t\t<div class=\"wc-block-grid__product-price price\"><span class=\"woocommerce-Price-amount amount\">500,00&nbsp;<span class=\"woocommerce-Price-currencySymbol\">&#122;&#322;<\/span><\/span> &ndash; <span class=\"woocommerce-Price-amount amount\">1249,00&nbsp;<span class=\"woocommerce-Price-currencySymbol\">&#122;&#322;<\/span><\/span><\/div>\n\t\t\t\t\n\t\t\t\t<div class=\"wp-block-button wc-block-grid__product-add-to-cart\"><a href=\"https:\/\/konopnamaryska.pl\/index.php\/product\/swiateczny-eliksirowy-mega-zestaw-cbg-cbd-dla-poczatkujacych\/\" aria-label=\"Wybierz opcje dla &bdquo;MEGA zestaw CBG + CBD dla pocz\u0105tkuj\u0105cych&rdquo;\" data-quantity=\"1\" data-product_id=\"622\" data-product_sku=\"\" rel=\"nofollow\" class=\"wp-block-button__link wp-element-button add_to_cart_button\">Wybierz opcje<\/a><\/div>\n\t\t\t<\/li><li class=\"wc-block-grid__product\">\n\t\t\t\t<a href=\"https:\/\/konopnamaryska.pl\/index.php\/product\/zrelaksowany-pies-chillowy-kot-ekstrakt-cbd-5\/\" class=\"wc-block-grid__product-link\">\n\t\t\t\t\t<div class=\"wc-block-grid__product-image\"><img loading=\"lazy\" decoding=\"async\" width=\"300\" height=\"457\" src=\"https:\/\/konopnamaryska.pl\/wp-content\/uploads\/2023\/11\/image00008-300x457.jpeg\" class=\"attachment-woocommerce_thumbnail size-woocommerce_thumbnail\" alt=\"Zrelaksowany pies \/ chillowy kot- ekstrakt CBD 5%\" \/><\/div>\n\t\t\t\t\t<div class=\"wc-block-grid__product-title\">Zrelaksowany pies \/ chillowy kot- ekstrakt CBD 5%<\/div>\n\t\t\t\t<\/a>\n\t\t\t\t\n\t\t\t\t<div class=\"wc-block-grid__product-price price\"><span class=\"woocommerce-Price-amount amount\">80,00&nbsp;<span class=\"woocommerce-Price-currencySymbol\">&#122;&#322;<\/span><\/span> &ndash; <span class=\"woocommerce-Price-amount amount\">360,00&nbsp;<span class=\"woocommerce-Price-currencySymbol\">&#122;&#322;<\/span><\/span><\/div>\n\t\t\t\t\n\t\t\t\t<div class=\"wp-block-button wc-block-grid__product-add-to-cart\"><a href=\"https:\/\/konopnamaryska.pl\/index.php\/product\/zrelaksowany-pies-chillowy-kot-ekstrakt-cbd-5\/\" aria-label=\"Wybierz opcje dla &bdquo;Zrelaksowany pies \/ chillowy kot- ekstrakt CBD 5%&rdquo;\" data-quantity=\"1\" data-product_id=\"617\" data-product_sku=\"\" rel=\"nofollow\" class=\"wp-block-button__link wp-element-button add_to_cart_button\">Wybierz opcje<\/a><\/div>\n\t\t\t<\/li><li class=\"wc-block-grid__product\">\n\t\t\t\t<a href=\"https:\/\/konopnamaryska.pl\/index.php\/product\/swiateczny-zestaw-rozluzniajacy-dla-poczatkujacych-cbd\/\" class=\"wc-block-grid__product-link\">\n\t\t\t\t\t<div class=\"wc-block-grid__product-image\"><img loading=\"lazy\" decoding=\"async\" width=\"300\" height=\"457\" src=\"https:\/\/konopnamaryska.pl\/wp-content\/uploads\/2023\/08\/zestaw2-Olejek-CBD-30-HerbCBD-50-2-e1725288893116-300x457.jpg\" class=\"attachment-woocommerce_thumbnail size-woocommerce_thumbnail\" alt=\"Zestaw rozlu\u017aniaj\u0105cy dla pocz\u0105tkuj\u0105cych CBD\" \/><\/div>\n\t\t\t\t\t<div class=\"wc-block-grid__product-title\">Zestaw rozlu\u017aniaj\u0105cy dla pocz\u0105tkuj\u0105cych CBD<\/div>\n\t\t\t\t<\/a>\n\t\t\t\t\n\t\t\t\t<div class=\"wc-block-grid__product-price price\"><span class=\"woocommerce-Price-amount amount\">140,00&nbsp;<span class=\"woocommerce-Price-currencySymbol\">&#122;&#322;<\/span><\/span> &ndash; <span class=\"woocommerce-Price-amount amount\">340,00&nbsp;<span class=\"woocommerce-Price-currencySymbol\">&#122;&#322;<\/span><\/span><\/div>\n\t\t\t\t\n\t\t\t\t<div class=\"wp-block-button wc-block-grid__product-add-to-cart\"><a href=\"https:\/\/konopnamaryska.pl\/index.php\/product\/swiateczny-zestaw-rozluzniajacy-dla-poczatkujacych-cbd\/\" aria-label=\"Wybierz opcje dla &bdquo;Zestaw rozlu\u017aniaj\u0105cy dla pocz\u0105tkuj\u0105cych CBD&rdquo;\" data-quantity=\"1\" data-product_id=\"608\" data-product_sku=\"\" rel=\"nofollow\" class=\"wp-block-button__link wp-element-button add_to_cart_button\">Wybierz opcje<\/a><\/div>\n\t\t\t<\/li><li class=\"wc-block-grid__product\">\n\t\t\t\t<a href=\"https:\/\/konopnamaryska.pl\/index.php\/product\/swiateczny-zestaw-rozluzniajacy-dla-zaawansowanych-cbd\/\" class=\"wc-block-grid__product-link\">\n\t\t\t\t\t<div class=\"wc-block-grid__product-image\"><img loading=\"lazy\" decoding=\"async\" width=\"300\" height=\"457\" src=\"https:\/\/konopnamaryska.pl\/wp-content\/uploads\/2023\/08\/zestaw1-Olejek-CBD-10-HerbCBD-50-e1725288711287-300x457.jpg\" class=\"attachment-woocommerce_thumbnail size-woocommerce_thumbnail\" alt=\"Zestaw rozlu\u017aniaj\u0105cy dla zaawansowanych CBD\" \/><\/div>\n\t\t\t\t\t<div class=\"wc-block-grid__product-title\">Zestaw rozlu\u017aniaj\u0105cy dla zaawansowanych CBD<\/div>\n\t\t\t\t<\/a>\n\t\t\t\t\n\t\t\t\t<div class=\"wc-block-grid__product-price price\"><span class=\"woocommerce-Price-amount amount\">165,00&nbsp;<span class=\"woocommerce-Price-currencySymbol\">&#122;&#322;<\/span><\/span> &ndash; <span class=\"woocommerce-Price-amount amount\">410,00&nbsp;<span class=\"woocommerce-Price-currencySymbol\">&#122;&#322;<\/span><\/span><\/div>\n\t\t\t\t\n\t\t\t\t<div class=\"wp-block-button wc-block-grid__product-add-to-cart\"><a href=\"https:\/\/konopnamaryska.pl\/index.php\/product\/swiateczny-zestaw-rozluzniajacy-dla-zaawansowanych-cbd\/\" aria-label=\"Wybierz opcje dla &bdquo;Zestaw rozlu\u017aniaj\u0105cy dla zaawansowanych CBD&rdquo;\" data-quantity=\"1\" data-product_id=\"605\" data-product_sku=\"\" rel=\"nofollow\" class=\"wp-block-button__link wp-element-button add_to_cart_button\">Wybierz opcje<\/a><\/div>\n\t\t\t<\/li><li class=\"wc-block-grid__product\">\n\t\t\t\t<a href=\"https:\/\/konopnamaryska.pl\/index.php\/product\/olejek-na-sen\/\" class=\"wc-block-grid__product-link\">\n\t\t\t\t\t<div class=\"wc-block-grid__product-image\"><img loading=\"lazy\" decoding=\"async\" width=\"300\" height=\"354\" src=\"https:\/\/konopnamaryska.pl\/wp-content\/uploads\/2023\/08\/Naklejka-Olejek-na-Sen-3x8cm-300x354.jpg\" class=\"attachment-woocommerce_thumbnail size-woocommerce_thumbnail\" alt=\"Olejek na sen\" \/><\/div>\n\t\t\t\t\t<div class=\"wc-block-grid__product-title\">Olejek na sen<\/div>\n\t\t\t\t<\/a>\n\t\t\t\t\n\t\t\t\t<div class=\"wc-block-grid__product-price price\"><span class=\"woocommerce-Price-amount amount\">120,00&nbsp;<span class=\"woocommerce-Price-currencySymbol\">&#122;&#322;<\/span><\/span> &ndash; <span class=\"woocommerce-Price-amount amount\">610,00&nbsp;<span class=\"woocommerce-Price-currencySymbol\">&#122;&#322;<\/span><\/span><\/div>\n\t\t\t\t\n\t\t\t\t<div class=\"wp-block-button wc-block-grid__product-add-to-cart\"><a href=\"https:\/\/konopnamaryska.pl\/index.php\/product\/olejek-na-sen\/\" aria-label=\"Wybierz opcje dla &bdquo;Olejek na sen&rdquo;\" data-quantity=\"1\" data-product_id=\"519\" data-product_sku=\"\" rel=\"nofollow\" class=\"wp-block-button__link wp-element-button add_to_cart_button\">Wybierz opcje<\/a><\/div>\n\t\t\t<\/li><li class=\"wc-block-grid__product\">\n\t\t\t\t<a href=\"https:\/\/konopnamaryska.pl\/index.php\/product\/herbatka-cbd-z-calych-lisci\/\" class=\"wc-block-grid__product-link\">\n\t\t\t\t\t<div class=\"wc-block-grid__product-image\"><img loading=\"lazy\" decoding=\"async\" width=\"300\" height=\"457\" src=\"https:\/\/konopnamaryska.pl\/wp-content\/uploads\/2021\/11\/IMG-20211026-WA0014-300x457.jpg\" class=\"attachment-woocommerce_thumbnail size-woocommerce_thumbnail\" alt=\"Herbatka rozlu\u017aniaj\u0105ca CBD\" \/><\/div>\n\t\t\t\t\t<div class=\"wc-block-grid__product-title\">Herbatka rozlu\u017aniaj\u0105ca CBD<\/div>\n\t\t\t\t<\/a>\n\t\t\t\t<div class=\"wc-block-grid__product-onsale\">\n\t\t\t<span aria-hidden=\"true\">Promocja<\/span>\n\t\t\t<span class=\"screen-reader-text\">Produkt w promocji<\/span>\n\t\t<\/div>\n\t\t\t\t<div class=\"wc-block-grid__product-price price\"><span class=\"woocommerce-Price-amount amount\">10,00&nbsp;<span class=\"woocommerce-Price-currencySymbol\">&#122;&#322;<\/span><\/span> &ndash; <span class=\"woocommerce-Price-amount amount\">80,00&nbsp;<span class=\"woocommerce-Price-currencySymbol\">&#122;&#322;<\/span><\/span><\/div>\n\t\t\t\t<div class=\"wc-block-grid__product-rating\"><div class=\"star-rating\" role=\"img\" aria-label=\"Oceniono 5.00 na 5\"><span style=\"width:100%\">Oceniony <strong class=\"rating\">5.00<\/strong> na 5 na podstawie <span class=\"rating\">1<\/span> oceny klienta<\/span><\/div><\/div>\n\t\t\t\t<div class=\"wp-block-button wc-block-grid__product-add-to-cart\"><a href=\"https:\/\/konopnamaryska.pl\/index.php\/product\/herbatka-cbd-z-calych-lisci\/\" aria-label=\"Wybierz opcje dla &bdquo;Herbatka rozlu\u017aniaj\u0105ca CBD&rdquo;\" data-quantity=\"1\" data-product_id=\"281\" data-product_sku=\"\" rel=\"nofollow\" class=\"wp-block-button__link wp-element-button add_to_cart_button\">Wybierz opcje<\/a><\/div>\n\t\t\t<\/li><li class=\"wc-block-grid__product\">\n\t\t\t\t<a href=\"https:\/\/konopnamaryska.pl\/index.php\/product\/susz-konopny-cbd-duzy\/\" class=\"wc-block-grid__product-link\">\n\t\t\t\t\t<div class=\"wc-block-grid__product-image\"><img loading=\"lazy\" decoding=\"async\" width=\"300\" height=\"457\" src=\"https:\/\/konopnamaryska.pl\/wp-content\/uploads\/2021\/11\/IMG-20211026-WA0012-300x457.jpg\" class=\"attachment-woocommerce_thumbnail size-woocommerce_thumbnail\" alt=\"Herbatkowy susz z kwiat\u00f3w konopi CBD\" \/><\/div>\n\t\t\t\t\t<div class=\"wc-block-grid__product-title\">Herbatkowy susz z kwiat\u00f3w konopi CBD<\/div>\n\t\t\t\t<\/a>\n\t\t\t\t\n\t\t\t\t<div class=\"wc-block-grid__product-price price\"><span class=\"woocommerce-Price-amount amount\">50,00&nbsp;<span class=\"woocommerce-Price-currencySymbol\">&#122;&#322;<\/span><\/span> &ndash; <span class=\"woocommerce-Price-amount amount\">100,00&nbsp;<span class=\"woocommerce-Price-currencySymbol\">&#122;&#322;<\/span><\/span><\/div>\n\t\t\t\t<div class=\"wc-block-grid__product-rating\"><div class=\"star-rating\" role=\"img\" aria-label=\"Oceniono 5.00 na 5\"><span style=\"width:100%\">Oceniony <strong class=\"rating\">5.00<\/strong> na 5 na podstawie <span class=\"rating\">1<\/span> oceny klienta<\/span><\/div><\/div>\n\t\t\t\t<div class=\"wp-block-button wc-block-grid__product-add-to-cart\"><a href=\"https:\/\/konopnamaryska.pl\/index.php\/product\/susz-konopny-cbd-duzy\/\" aria-label=\"Wybierz opcje dla &bdquo;Herbatkowy susz z kwiat\u00f3w konopi CBD&rdquo;\" data-quantity=\"1\" data-product_id=\"274\" data-product_sku=\"\" rel=\"nofollow\" class=\"wp-block-button__link wp-element-button add_to_cart_button\">Wybierz opcje<\/a><\/div>\n\t\t\t<\/li><li class=\"wc-block-grid__product\">\n\t\t\t\t<a href=\"https:\/\/konopnamaryska.pl\/index.php\/product\/ekstrakt-cbd-25\/\" class=\"wc-block-grid__product-link\">\n\t\t\t\t\t<div class=\"wc-block-grid__product-image\"><img loading=\"lazy\" decoding=\"async\" width=\"300\" height=\"457\" src=\"https:\/\/konopnamaryska.pl\/wp-content\/uploads\/2021\/11\/cbd5-300x457.jpg\" class=\"attachment-woocommerce_thumbnail size-woocommerce_thumbnail\" alt=\"Ekstrakt rozlu\u017aniaj\u0105cy CBD\" \/><\/div>\n\t\t\t\t\t<div class=\"wc-block-grid__product-title\">Ekstrakt rozlu\u017aniaj\u0105cy CBD<\/div>\n\t\t\t\t<\/a>\n\t\t\t\t\n\t\t\t\t<div class=\"wc-block-grid__product-price price\"><span class=\"woocommerce-Price-amount amount\">80,00&nbsp;<span class=\"woocommerce-Price-currencySymbol\">&#122;&#322;<\/span><\/span> &ndash; <span class=\"woocommerce-Price-amount amount\">680,00&nbsp;<span class=\"woocommerce-Price-currencySymbol\">&#122;&#322;<\/span><\/span><\/div>\n\t\t\t\t\n\t\t\t\t<div class=\"wp-block-button wc-block-grid__product-add-to-cart\"><a href=\"https:\/\/konopnamaryska.pl\/index.php\/product\/ekstrakt-cbd-25\/\" aria-label=\"Wybierz opcje dla &bdquo;Ekstrakt rozlu\u017aniaj\u0105cy CBD&rdquo;\" data-quantity=\"1\" data-product_id=\"267\" data-product_sku=\"\" rel=\"nofollow\" class=\"wp-block-button__link wp-element-button add_to_cart_button\">Wybierz opcje<\/a><\/div>\n\t\t\t<\/li><\/ul><\/div>","protected":false},"excerpt":{"rendered":"<p>Czym jest CBD? CBD, czyli kannabidiol, to organiczny zwi\u0105zek chemiczny, pozyskiwany z kwiatostan\u00f3w konopi siewnych. Pomimo, \u017ce razem z THC przynale\u017cy do grupy kannabinoid\u00f3w, to wykazuje nieco inne w\u0142a\u015bciwo\u015bci. Jest substancj\u0105 w pe\u0142ni legaln\u0105, o szerokim spektrum dzia\u0142ania i wysokim profilu bezpiecze\u0144stwa. W przeciwie\u0144stwie do THC, nie ma dzia\u0142ania odurzaj\u0105cego i psychoaktywnego. CBD oddzia\u0142uje na [&hellip;]<\/p>\n","protected":false},"author":2,"featured_media":0,"parent":0,"menu_order":0,"comment_status":"closed","ping_status":"closed","template":"","meta":{"footnotes":""},"class_list":["post-224","page","type-page","status-publish","hentry"],"_links":{"self":[{"href":"https:\/\/konopnamaryska.pl\/index.php\/wp-json\/wp\/v2\/pages\/224"}],"collection":[{"href":"https:\/\/konopnamaryska.pl\/index.php\/wp-json\/wp\/v2\/pages"}],"about":[{"href":"https:\/\/konopnamaryska.pl\/index.php\/wp-json\/wp\/v2\/types\/page"}],"author":[{"embeddable":true,"href":"https:\/\/konopnamaryska.pl\/index.php\/wp-json\/wp\/v2\/users\/2"}],"replies":[{"embeddable":true,"href":"https:\/\/konopnamaryska.pl\/index.php\/wp-json\/wp\/v2\/comments?post=224"}],"version-history":[{"count":12,"href":"https:\/\/konopnamaryska.pl\/index.php\/wp-json\/wp\/v2\/pages\/224\/revisions"}],"predecessor-version":[{"id":450,"href":"https:\/\/konopnamaryska.pl\/index.php\/wp-json\/wp\/v2\/pages\/224\/revisions\/450"}],"wp:attachment":[{"href":"https:\/\/konopnamaryska.pl\/index.php\/wp-json\/wp\/v2\/media?parent=224"}],"curies":[{"name":"wp","href":"https:\/\/api.w.org\/{rel}","templated":true}]}}