{"id":252,"date":"2021-11-18T14:57:26","date_gmt":"2021-11-18T13:57:26","guid":{"rendered":"https:\/\/konopnamaryska.pl\/?page_id=252"},"modified":"2022-03-31T19:58:18","modified_gmt":"2022-03-31T17:58:18","slug":"o-nas","status":"publish","type":"page","link":"https:\/\/konopnamaryska.pl\/index.php\/o-nas\/","title":{"rendered":"O nas"},"content":{"rendered":"\n<div class=\"wp-block-columns is-layout-flex wp-container-core-columns-is-layout-1 wp-block-columns-is-layout-flex\">\n<div class=\"wp-block-column is-layout-flow wp-block-column-is-layout-flow\" style=\"flex-basis:100%\">\n<div class=\"wp-block-cover aligncenter\" style=\"min-height:100vh;aspect-ratio:unset;\"><img loading=\"lazy\" decoding=\"async\" width=\"768\" height=\"1024\" class=\"wp-block-cover__image-background wp-image-298\" alt=\"\" src=\"https:\/\/konopnamaryska.pl\/wp-content\/uploads\/2021\/11\/IMG_20210615_163122-2-768x1024.jpg\" data-object-fit=\"cover\" srcset=\"https:\/\/konopnamaryska.pl\/wp-content\/uploads\/2021\/11\/IMG_20210615_163122-2-768x1024.jpg 768w, https:\/\/konopnamaryska.pl\/wp-content\/uploads\/2021\/11\/IMG_20210615_163122-2-225x300.jpg 225w, https:\/\/konopnamaryska.pl\/wp-content\/uploads\/2021\/11\/IMG_20210615_163122-2-1152x1536.jpg 1152w, https:\/\/konopnamaryska.pl\/wp-content\/uploads\/2021\/11\/IMG_20210615_163122-2-scaled.jpg 1920w\" sizes=\"(max-width: 768px) 100vw, 768px\" \/><div class=\"wp-block-cover__inner-container is-layout-flow wp-block-cover-is-layout-flow\">\n<p class=\"has-large-font-size\"><\/p>\n<\/div><\/div>\n<\/div>\n<\/div>\n\n\n\n<p>Cze\u015b\u0107! Nazywam si\u0119 Ania Adamczuk,<\/p>\n\n\n\n<p>jestem muzykiem (moj\u0105 muz\u0119 znajdziesz w mediach pod nazw\u0105 Ania Anahata Music \ud83d\ude09 Chwil\u0119 przez pandemi\u0105 m\u00f3j kr\u0119gos\u0142up w wyniku przeci\u0105\u017cenia z\u0142o\u017cy\u0142 si\u0119 w kilkunastu kr\u0119gach niczym domino uniemo\u017cliwiaj\u0105c mi normalne funkcjonowanie. Nie zdecydowa\u0142am si\u0119 na operacj\u0119 ad hoc, bo ju\u017c bym sobie nie pogra\u0142a na skrzypcach, ani nie pota\u0144czy\u0142a mojego ukochanego ta\u0144ca etno, wi\u0119c czeka\u0142a mnie d\u0142uuuuuuga rehabilitacja. Nie by\u0142o wyj\u015bcia, zjecha\u0142am do rodzic\u00f3w z Warszawy pod Zamo\u015b\u0107. Kr\u0119gos\u0142up bola\u0142 niemi\u0142osiernie, a b\u00f3l oznacza\u0142 brak snu, tak bardzo potrzebnego do regeneracji. Nie chcia\u0142am przez najbli\u017cszy rok jecha\u0107 na tabletkach przeciwb\u00f3lowych, wi\u0119c zacz\u0119\u0142am szuka\u0107 naturalnych rozwi\u0105za\u0144&#8230; i tak trafi\u0142am na konopie! &lt;3 Kupi\u0142am, zadzia\u0142a\u0142y, w ko\u0144cu mog\u0142am zasn\u0105\u0107 bez b\u00f3lu. Niestety ich koszt by\u0142 znaczenie ponad mo\u017cliwo\u015bci kogo\u015b, kto straci\u0142 w\u0142a\u015bnie jedyny zarobek z przysz\u0142ych koncerty, a na rehabilitacj\u0119 za to wydaje miesi\u0119czn\u0105 pensje, kt\u00f3rej nota bene nie ma.<\/p>\n\n\n\n<p>W tym samym czasie m\u00f3j tato Mirek, kt\u00f3ry od zawsze zajmowa\u0142 si\u0119 profesjonaln\u0105 ekologiczn\u0105 upraw\u0105 pomidor\u00f3w w szklarniach, zrezygnowa\u0142 z pomidor\u00f3w, bo ju\u017c op\u0142acalno\u015b\u0107 zerowa i szuka\u0142 nowych mo\u017cliwo\u015bci zasiedlenia szklarni. S\u0142owo od s\u0142owa, \u017cart od \u017cartu i m\u00f3wi\u0119 -&#8222;Tato, jedziemy z Marihuanen!&#8221; na co Tato przytakn\u0105\u0142 i tak to zacz\u0119\u0142a si\u0119 nasza konopna przygoda. Pierwszy sezon postanowili\u015bmy poprowadzi\u0107 p\u00f3\u0142 na p\u00f3\u0142 z kim\u015b, kto ju\u017c si\u0119 zna ( a przynajmniej mia\u0142 si\u0119 zna\u0107). W praktyce wsp\u00f3lnik nas wyrolowa\u0142, ale my poznali\u015bmy ro\u015blin\u0119 ju\u017c na tyle, by kolejny sezon ogarn\u0105\u0107 na w\u0142asnych warunkach \ud83d\ude42 <\/p>\n\n\n\n<p>Przede wszystkim stawiamy na eko wymiar produkt\u00f3w. Od uprawy ma\u0142ych boginek, przez piel\u0119gnacj\u0119, zbi\u00f3r a\u017c do procesu obr\u00f3bki. Nad wszystkim sprawujemy razem z Tat\u0105 Mirkiem osobist\u0105 kontrol\u0119. Najbardziej zadowoleni jeste\u015bmy z boginek CBD, kt\u00f3rych sk\u0142ad przeszed\u0142 nasze naj\u015bmielsze oczekiwania (to dzi\u0119ki 35 letniemu do\u015bwiadczeniu z ro\u015blinami Taty)! Te boginki wr\u0119cz klei\u0142y si\u0119 od ilo\u015bci terpen\u00f3w i CBD (pierwszy raz co\u015b takiego widzieli\u015bmy). Wszystkie konopie zebrali\u015bmy w tym sezonie r\u0119cznie z pomoc\u0105 najbli\u017cszych znajomych, sami wysuszyli\u015bmy w szklarni specjalnie przystosowanej do efektywnego i bezpiecznego suszenia. A teraz na bie\u017c\u0105co tworzymy dla Was ekologiczne ekstrakty. Jako, \u017ce mam spore do\u015bwiadczenie w u\u017cytkowaniu r\u00f3\u017cnych konopi dost\u0119pnych na rynku, dlatego te\u017c wybra\u0142am ekstrakcj\u0119 alkoholow\u0105 bez u\u017cycia konserwant\u00f3w, bo jest po prostu metoda najbardziej bezpieczn\u0105 dla cz\u0142owieka i nie zniszczy Ci zdrowia (ekstrakcja rozpuszczalnikami), ani nie przyprawi o alergi\u0119 jak np. ekstrakcja co2. Ekstrakty tworzymy na oliwie z oliwek virgin z lidla, tak wi\u0119c smak jest zale\u017cny od konkretnej butelki, a wa\u017cno\u015b\u0107 ekstraktu to min. 3 miesi\u0105ca &#8211; tak samo jak otworzysz butelk\u0119 oliwy \ud83d\ude42<\/p>\n\n\n\n<p>No dobrze, chyba ju\u017c wystarczaj\u0105c\u0105 wyja\u015bni\u0142am ca\u0142y proces, zawsze je\u015bli masz jakie\u015b w\u0105tpliwo\u015bci, czy pytania, po prostu dzwo\u0144 do mnie, postaram si\u0119 pom\u00f3c. Tymczasem oddajemy w Twoje r\u0119ce nasze wypieszczone boginki, niech s\u0142u\u017c\u0105 Ci jak najlepiej i podnosz\u0105 jako\u015b\u0107 Twojego \u017cycia na jeszcze wy\u017cszy poziom &lt;3<\/p>\n\n\n\n<p>\u015aciskamy &#8211; Ania i Mirek <\/p>\n\n\n\n<p><\/p>\n\n\n\n<figure class=\"wp-block-image size-full\"><img loading=\"lazy\" decoding=\"async\" width=\"1772\" height=\"1181\" src=\"https:\/\/konopnamaryska.pl\/wp-content\/uploads\/2021\/11\/IMG_1017-1.jpg\" alt=\"\" class=\"wp-image-286\" srcset=\"https:\/\/konopnamaryska.pl\/wp-content\/uploads\/2021\/11\/IMG_1017-1.jpg 1772w, https:\/\/konopnamaryska.pl\/wp-content\/uploads\/2021\/11\/IMG_1017-1-300x200.jpg 300w, https:\/\/konopnamaryska.pl\/wp-content\/uploads\/2021\/11\/IMG_1017-1-1024x682.jpg 1024w, https:\/\/konopnamaryska.pl\/wp-content\/uploads\/2021\/11\/IMG_1017-1-768x512.jpg 768w, https:\/\/konopnamaryska.pl\/wp-content\/uploads\/2021\/11\/IMG_1017-1-1536x1024.jpg 1536w, https:\/\/konopnamaryska.pl\/wp-content\/uploads\/2021\/11\/IMG_1017-1-830x553.jpg 830w, https:\/\/konopnamaryska.pl\/wp-content\/uploads\/2021\/11\/IMG_1017-1-230x153.jpg 230w, https:\/\/konopnamaryska.pl\/wp-content\/uploads\/2021\/11\/IMG_1017-1-350x233.jpg 350w, https:\/\/konopnamaryska.pl\/wp-content\/uploads\/2021\/11\/IMG_1017-1-480x320.jpg 480w, https:\/\/konopnamaryska.pl\/wp-content\/uploads\/2021\/11\/IMG_1017-1-600x400.jpg 600w\" sizes=\"(max-width: 1772px) 100vw, 1772px\" \/><\/figure>\n\n\n\n<figure class=\"wp-block-image size-full\"><img loading=\"lazy\" decoding=\"async\" width=\"1772\" height=\"1181\" src=\"https:\/\/konopnamaryska.pl\/wp-content\/uploads\/2021\/11\/IMG_1020-1.jpg\" alt=\"\" class=\"wp-image-287\" srcset=\"https:\/\/konopnamaryska.pl\/wp-content\/uploads\/2021\/11\/IMG_1020-1.jpg 1772w, https:\/\/konopnamaryska.pl\/wp-content\/uploads\/2021\/11\/IMG_1020-1-300x200.jpg 300w, https:\/\/konopnamaryska.pl\/wp-content\/uploads\/2021\/11\/IMG_1020-1-1024x682.jpg 1024w, https:\/\/konopnamaryska.pl\/wp-content\/uploads\/2021\/11\/IMG_1020-1-768x512.jpg 768w, https:\/\/konopnamaryska.pl\/wp-content\/uploads\/2021\/11\/IMG_1020-1-1536x1024.jpg 1536w, https:\/\/konopnamaryska.pl\/wp-content\/uploads\/2021\/11\/IMG_1020-1-830x553.jpg 830w, https:\/\/konopnamaryska.pl\/wp-content\/uploads\/2021\/11\/IMG_1020-1-230x153.jpg 230w, https:\/\/konopnamaryska.pl\/wp-content\/uploads\/2021\/11\/IMG_1020-1-350x233.jpg 350w, https:\/\/konopnamaryska.pl\/wp-content\/uploads\/2021\/11\/IMG_1020-1-480x320.jpg 480w, https:\/\/konopnamaryska.pl\/wp-content\/uploads\/2021\/11\/IMG_1020-1-600x400.jpg 600w\" sizes=\"(max-width: 1772px) 100vw, 1772px\" \/><\/figure>\n\n\n\n<figure class=\"wp-block-image size-full\"><img loading=\"lazy\" decoding=\"async\" width=\"1772\" height=\"1181\" src=\"https:\/\/konopnamaryska.pl\/wp-content\/uploads\/2021\/11\/IMG_1041.jpg\" alt=\"\" class=\"wp-image-288\" srcset=\"https:\/\/konopnamaryska.pl\/wp-content\/uploads\/2021\/11\/IMG_1041.jpg 1772w, https:\/\/konopnamaryska.pl\/wp-content\/uploads\/2021\/11\/IMG_1041-300x200.jpg 300w, https:\/\/konopnamaryska.pl\/wp-content\/uploads\/2021\/11\/IMG_1041-1024x682.jpg 1024w, https:\/\/konopnamaryska.pl\/wp-content\/uploads\/2021\/11\/IMG_1041-768x512.jpg 768w, https:\/\/konopnamaryska.pl\/wp-content\/uploads\/2021\/11\/IMG_1041-1536x1024.jpg 1536w, https:\/\/konopnamaryska.pl\/wp-content\/uploads\/2021\/11\/IMG_1041-830x553.jpg 830w, https:\/\/konopnamaryska.pl\/wp-content\/uploads\/2021\/11\/IMG_1041-230x153.jpg 230w, https:\/\/konopnamaryska.pl\/wp-content\/uploads\/2021\/11\/IMG_1041-350x233.jpg 350w, https:\/\/konopnamaryska.pl\/wp-content\/uploads\/2021\/11\/IMG_1041-480x320.jpg 480w, https:\/\/konopnamaryska.pl\/wp-content\/uploads\/2021\/11\/IMG_1041-600x400.jpg 600w\" sizes=\"(max-width: 1772px) 100vw, 1772px\" \/><\/figure>\n\n\n\n<figure class=\"wp-block-image size-full\"><img loading=\"lazy\" decoding=\"async\" width=\"1181\" height=\"1772\" src=\"https:\/\/konopnamaryska.pl\/wp-content\/uploads\/2021\/11\/IMG_1042.jpg\" alt=\"\" class=\"wp-image-289\" srcset=\"https:\/\/konopnamaryska.pl\/wp-content\/uploads\/2021\/11\/IMG_1042.jpg 1181w, https:\/\/konopnamaryska.pl\/wp-content\/uploads\/2021\/11\/IMG_1042-200x300.jpg 200w, https:\/\/konopnamaryska.pl\/wp-content\/uploads\/2021\/11\/IMG_1042-682x1024.jpg 682w, https:\/\/konopnamaryska.pl\/wp-content\/uploads\/2021\/11\/IMG_1042-768x1152.jpg 768w, https:\/\/konopnamaryska.pl\/wp-content\/uploads\/2021\/11\/IMG_1042-1024x1536.jpg 1024w, https:\/\/konopnamaryska.pl\/wp-content\/uploads\/2021\/11\/IMG_1042-830x1245.jpg 830w, https:\/\/konopnamaryska.pl\/wp-content\/uploads\/2021\/11\/IMG_1042-230x345.jpg 230w, https:\/\/konopnamaryska.pl\/wp-content\/uploads\/2021\/11\/IMG_1042-350x525.jpg 350w, https:\/\/konopnamaryska.pl\/wp-content\/uploads\/2021\/11\/IMG_1042-480x720.jpg 480w, https:\/\/konopnamaryska.pl\/wp-content\/uploads\/2021\/11\/IMG_1042-600x900.jpg 600w\" sizes=\"(max-width: 1181px) 100vw, 1181px\" \/><\/figure>\n\n\n\n<figure class=\"wp-block-image size-full\"><img loading=\"lazy\" decoding=\"async\" width=\"1772\" height=\"1181\" src=\"https:\/\/konopnamaryska.pl\/wp-content\/uploads\/2021\/11\/IMG_1223.jpg\" alt=\"\" class=\"wp-image-290\" srcset=\"https:\/\/konopnamaryska.pl\/wp-content\/uploads\/2021\/11\/IMG_1223.jpg 1772w, https:\/\/konopnamaryska.pl\/wp-content\/uploads\/2021\/11\/IMG_1223-300x200.jpg 300w, https:\/\/konopnamaryska.pl\/wp-content\/uploads\/2021\/11\/IMG_1223-1024x682.jpg 1024w, https:\/\/konopnamaryska.pl\/wp-content\/uploads\/2021\/11\/IMG_1223-768x512.jpg 768w, https:\/\/konopnamaryska.pl\/wp-content\/uploads\/2021\/11\/IMG_1223-1536x1024.jpg 1536w, https:\/\/konopnamaryska.pl\/wp-content\/uploads\/2021\/11\/IMG_1223-830x553.jpg 830w, https:\/\/konopnamaryska.pl\/wp-content\/uploads\/2021\/11\/IMG_1223-230x153.jpg 230w, https:\/\/konopnamaryska.pl\/wp-content\/uploads\/2021\/11\/IMG_1223-350x233.jpg 350w, https:\/\/konopnamaryska.pl\/wp-content\/uploads\/2021\/11\/IMG_1223-480x320.jpg 480w, https:\/\/konopnamaryska.pl\/wp-content\/uploads\/2021\/11\/IMG_1223-600x400.jpg 600w\" sizes=\"(max-width: 1772px) 100vw, 1772px\" \/><\/figure>\n\n\n\n<figure class=\"wp-block-image size-full\"><img loading=\"lazy\" decoding=\"async\" width=\"1772\" height=\"1181\" src=\"https:\/\/konopnamaryska.pl\/wp-content\/uploads\/2021\/11\/IMG_1218.jpg\" alt=\"\" class=\"wp-image-291\" srcset=\"https:\/\/konopnamaryska.pl\/wp-content\/uploads\/2021\/11\/IMG_1218.jpg 1772w, https:\/\/konopnamaryska.pl\/wp-content\/uploads\/2021\/11\/IMG_1218-300x200.jpg 300w, https:\/\/konopnamaryska.pl\/wp-content\/uploads\/2021\/11\/IMG_1218-1024x682.jpg 1024w, https:\/\/konopnamaryska.pl\/wp-content\/uploads\/2021\/11\/IMG_1218-768x512.jpg 768w, https:\/\/konopnamaryska.pl\/wp-content\/uploads\/2021\/11\/IMG_1218-1536x1024.jpg 1536w, https:\/\/konopnamaryska.pl\/wp-content\/uploads\/2021\/11\/IMG_1218-830x553.jpg 830w, https:\/\/konopnamaryska.pl\/wp-content\/uploads\/2021\/11\/IMG_1218-230x153.jpg 230w, https:\/\/konopnamaryska.pl\/wp-content\/uploads\/2021\/11\/IMG_1218-350x233.jpg 350w, https:\/\/konopnamaryska.pl\/wp-content\/uploads\/2021\/11\/IMG_1218-480x320.jpg 480w, https:\/\/konopnamaryska.pl\/wp-content\/uploads\/2021\/11\/IMG_1218-600x400.jpg 600w\" sizes=\"(max-width: 1772px) 100vw, 1772px\" \/><\/figure>\n\n\n\n<figure class=\"wp-block-image size-full\"><img loading=\"lazy\" decoding=\"async\" width=\"1181\" height=\"1772\" src=\"https:\/\/konopnamaryska.pl\/wp-content\/uploads\/2021\/11\/IMG_1217.jpg\" alt=\"\" class=\"wp-image-292\" srcset=\"https:\/\/konopnamaryska.pl\/wp-content\/uploads\/2021\/11\/IMG_1217.jpg 1181w, https:\/\/konopnamaryska.pl\/wp-content\/uploads\/2021\/11\/IMG_1217-200x300.jpg 200w, https:\/\/konopnamaryska.pl\/wp-content\/uploads\/2021\/11\/IMG_1217-682x1024.jpg 682w, https:\/\/konopnamaryska.pl\/wp-content\/uploads\/2021\/11\/IMG_1217-768x1152.jpg 768w, https:\/\/konopnamaryska.pl\/wp-content\/uploads\/2021\/11\/IMG_1217-1024x1536.jpg 1024w, https:\/\/konopnamaryska.pl\/wp-content\/uploads\/2021\/11\/IMG_1217-830x1245.jpg 830w, https:\/\/konopnamaryska.pl\/wp-content\/uploads\/2021\/11\/IMG_1217-230x345.jpg 230w, https:\/\/konopnamaryska.pl\/wp-content\/uploads\/2021\/11\/IMG_1217-350x525.jpg 350w, https:\/\/konopnamaryska.pl\/wp-content\/uploads\/2021\/11\/IMG_1217-480x720.jpg 480w, https:\/\/konopnamaryska.pl\/wp-content\/uploads\/2021\/11\/IMG_1217-600x900.jpg 600w\" sizes=\"(max-width: 1181px) 100vw, 1181px\" \/><\/figure>\n\n\n\n<figure class=\"wp-block-image size-full\"><img loading=\"lazy\" decoding=\"async\" width=\"1920\" height=\"2560\" src=\"https:\/\/konopnamaryska.pl\/wp-content\/uploads\/2022\/03\/IMG_20211014_144344-scaled.jpg\" alt=\"\" class=\"wp-image-353\" srcset=\"https:\/\/konopnamaryska.pl\/wp-content\/uploads\/2022\/03\/IMG_20211014_144344-scaled.jpg 1920w, https:\/\/konopnamaryska.pl\/wp-content\/uploads\/2022\/03\/IMG_20211014_144344-225x300.jpg 225w, https:\/\/konopnamaryska.pl\/wp-content\/uploads\/2022\/03\/IMG_20211014_144344-768x1024.jpg 768w, https:\/\/konopnamaryska.pl\/wp-content\/uploads\/2022\/03\/IMG_20211014_144344-1152x1536.jpg 1152w, https:\/\/konopnamaryska.pl\/wp-content\/uploads\/2022\/03\/IMG_20211014_144344-1536x2048.jpg 1536w, https:\/\/konopnamaryska.pl\/wp-content\/uploads\/2022\/03\/IMG_20211014_144344-830x1107.jpg 830w, https:\/\/konopnamaryska.pl\/wp-content\/uploads\/2022\/03\/IMG_20211014_144344-230x307.jpg 230w, https:\/\/konopnamaryska.pl\/wp-content\/uploads\/2022\/03\/IMG_20211014_144344-350x467.jpg 350w, https:\/\/konopnamaryska.pl\/wp-content\/uploads\/2022\/03\/IMG_20211014_144344-480x640.jpg 480w, https:\/\/konopnamaryska.pl\/wp-content\/uploads\/2022\/03\/IMG_20211014_144344-600x800.jpg 600w\" sizes=\"(max-width: 1920px) 100vw, 1920px\" \/><\/figure>\n\n\n\n<figure class=\"wp-block-image size-full\"><img loading=\"lazy\" decoding=\"async\" width=\"2560\" height=\"1920\" src=\"https:\/\/konopnamaryska.pl\/wp-content\/uploads\/2022\/03\/IMG_20211014_144444-scaled.jpg\" alt=\"\" class=\"wp-image-355\" srcset=\"https:\/\/konopnamaryska.pl\/wp-content\/uploads\/2022\/03\/IMG_20211014_144444-scaled.jpg 2560w, https:\/\/konopnamaryska.pl\/wp-content\/uploads\/2022\/03\/IMG_20211014_144444-300x225.jpg 300w, https:\/\/konopnamaryska.pl\/wp-content\/uploads\/2022\/03\/IMG_20211014_144444-1024x768.jpg 1024w, https:\/\/konopnamaryska.pl\/wp-content\/uploads\/2022\/03\/IMG_20211014_144444-768x576.jpg 768w, https:\/\/konopnamaryska.pl\/wp-content\/uploads\/2022\/03\/IMG_20211014_144444-1536x1152.jpg 1536w, https:\/\/konopnamaryska.pl\/wp-content\/uploads\/2022\/03\/IMG_20211014_144444-2048x1536.jpg 2048w, https:\/\/konopnamaryska.pl\/wp-content\/uploads\/2022\/03\/IMG_20211014_144444-830x623.jpg 830w, https:\/\/konopnamaryska.pl\/wp-content\/uploads\/2022\/03\/IMG_20211014_144444-230x173.jpg 230w, https:\/\/konopnamaryska.pl\/wp-content\/uploads\/2022\/03\/IMG_20211014_144444-350x263.jpg 350w, https:\/\/konopnamaryska.pl\/wp-content\/uploads\/2022\/03\/IMG_20211014_144444-480x360.jpg 480w, https:\/\/konopnamaryska.pl\/wp-content\/uploads\/2022\/03\/IMG_20211014_144444-600x450.jpg 600w\" sizes=\"(max-width: 2560px) 100vw, 2560px\" \/><\/figure>\n\n\n\n<figure class=\"wp-block-image size-large\"><img loading=\"lazy\" decoding=\"async\" width=\"1024\" height=\"768\" src=\"https:\/\/konopnamaryska.pl\/wp-content\/uploads\/2022\/03\/IMG_20211010_144258-2-1024x768.jpg\" alt=\"\" class=\"wp-image-358\" srcset=\"https:\/\/konopnamaryska.pl\/wp-content\/uploads\/2022\/03\/IMG_20211010_144258-2-1024x768.jpg 1024w, https:\/\/konopnamaryska.pl\/wp-content\/uploads\/2022\/03\/IMG_20211010_144258-2-300x225.jpg 300w, https:\/\/konopnamaryska.pl\/wp-content\/uploads\/2022\/03\/IMG_20211010_144258-2-768x576.jpg 768w, https:\/\/konopnamaryska.pl\/wp-content\/uploads\/2022\/03\/IMG_20211010_144258-2-1536x1152.jpg 1536w, https:\/\/konopnamaryska.pl\/wp-content\/uploads\/2022\/03\/IMG_20211010_144258-2-2048x1536.jpg 2048w, https:\/\/konopnamaryska.pl\/wp-content\/uploads\/2022\/03\/IMG_20211010_144258-2-830x623.jpg 830w, https:\/\/konopnamaryska.pl\/wp-content\/uploads\/2022\/03\/IMG_20211010_144258-2-230x173.jpg 230w, https:\/\/konopnamaryska.pl\/wp-content\/uploads\/2022\/03\/IMG_20211010_144258-2-350x263.jpg 350w, https:\/\/konopnamaryska.pl\/wp-content\/uploads\/2022\/03\/IMG_20211010_144258-2-480x360.jpg 480w, https:\/\/konopnamaryska.pl\/wp-content\/uploads\/2022\/03\/IMG_20211010_144258-2-600x450.jpg 600w\" sizes=\"(max-width: 1024px) 100vw, 1024px\" \/><\/figure>\n\n\n\n<figure class=\"wp-block-image size-large\"><img loading=\"lazy\" decoding=\"async\" width=\"724\" height=\"1024\" src=\"https:\/\/konopnamaryska.pl\/wp-content\/uploads\/2022\/03\/Anna-Adamczuk-Dioica-88-09.11.21-101121-724x1024.jpg\" alt=\"\" class=\"wp-image-343\" srcset=\"https:\/\/konopnamaryska.pl\/wp-content\/uploads\/2022\/03\/Anna-Adamczuk-Dioica-88-09.11.21-101121-724x1024.jpg 724w, https:\/\/konopnamaryska.pl\/wp-content\/uploads\/2022\/03\/Anna-Adamczuk-Dioica-88-09.11.21-101121-212x300.jpg 212w, https:\/\/konopnamaryska.pl\/wp-content\/uploads\/2022\/03\/Anna-Adamczuk-Dioica-88-09.11.21-101121-768x1086.jpg 768w, https:\/\/konopnamaryska.pl\/wp-content\/uploads\/2022\/03\/Anna-Adamczuk-Dioica-88-09.11.21-101121-1087x1536.jpg 1087w, https:\/\/konopnamaryska.pl\/wp-content\/uploads\/2022\/03\/Anna-Adamczuk-Dioica-88-09.11.21-101121-1449x2048.jpg 1449w, https:\/\/konopnamaryska.pl\/wp-content\/uploads\/2022\/03\/Anna-Adamczuk-Dioica-88-09.11.21-101121-830x1173.jpg 830w, https:\/\/konopnamaryska.pl\/wp-content\/uploads\/2022\/03\/Anna-Adamczuk-Dioica-88-09.11.21-101121-230x325.jpg 230w, https:\/\/konopnamaryska.pl\/wp-content\/uploads\/2022\/03\/Anna-Adamczuk-Dioica-88-09.11.21-101121-350x495.jpg 350w, https:\/\/konopnamaryska.pl\/wp-content\/uploads\/2022\/03\/Anna-Adamczuk-Dioica-88-09.11.21-101121-480x679.jpg 480w, https:\/\/konopnamaryska.pl\/wp-content\/uploads\/2022\/03\/Anna-Adamczuk-Dioica-88-09.11.21-101121-600x848.jpg 600w, https:\/\/konopnamaryska.pl\/wp-content\/uploads\/2022\/03\/Anna-Adamczuk-Dioica-88-09.11.21-101121-scaled.jpg 1811w\" sizes=\"(max-width: 724px) 100vw, 724px\" \/><figcaption>Badania laboratoryjne<\/figcaption><\/figure>\n\n\n\n<figure class=\"wp-block-image size-large\"><img loading=\"lazy\" decoding=\"async\" width=\"724\" height=\"1024\" src=\"https:\/\/konopnamaryska.pl\/wp-content\/uploads\/2022\/03\/Anna-Adamczuk-Dioica-88-21.10.21-101121-724x1024.jpg\" alt=\"\" class=\"wp-image-344\" srcset=\"https:\/\/konopnamaryska.pl\/wp-content\/uploads\/2022\/03\/Anna-Adamczuk-Dioica-88-21.10.21-101121-724x1024.jpg 724w, https:\/\/konopnamaryska.pl\/wp-content\/uploads\/2022\/03\/Anna-Adamczuk-Dioica-88-21.10.21-101121-212x300.jpg 212w, https:\/\/konopnamaryska.pl\/wp-content\/uploads\/2022\/03\/Anna-Adamczuk-Dioica-88-21.10.21-101121-768x1086.jpg 768w, https:\/\/konopnamaryska.pl\/wp-content\/uploads\/2022\/03\/Anna-Adamczuk-Dioica-88-21.10.21-101121-1087x1536.jpg 1087w, https:\/\/konopnamaryska.pl\/wp-content\/uploads\/2022\/03\/Anna-Adamczuk-Dioica-88-21.10.21-101121-1449x2048.jpg 1449w, https:\/\/konopnamaryska.pl\/wp-content\/uploads\/2022\/03\/Anna-Adamczuk-Dioica-88-21.10.21-101121-830x1173.jpg 830w, https:\/\/konopnamaryska.pl\/wp-content\/uploads\/2022\/03\/Anna-Adamczuk-Dioica-88-21.10.21-101121-230x325.jpg 230w, https:\/\/konopnamaryska.pl\/wp-content\/uploads\/2022\/03\/Anna-Adamczuk-Dioica-88-21.10.21-101121-350x495.jpg 350w, https:\/\/konopnamaryska.pl\/wp-content\/uploads\/2022\/03\/Anna-Adamczuk-Dioica-88-21.10.21-101121-480x679.jpg 480w, https:\/\/konopnamaryska.pl\/wp-content\/uploads\/2022\/03\/Anna-Adamczuk-Dioica-88-21.10.21-101121-600x848.jpg 600w, https:\/\/konopnamaryska.pl\/wp-content\/uploads\/2022\/03\/Anna-Adamczuk-Dioica-88-21.10.21-101121-scaled.jpg 1811w\" sizes=\"(max-width: 724px) 100vw, 724px\" \/><\/figure>\n","protected":false},"excerpt":{"rendered":"<p>Cze\u015b\u0107! Nazywam si\u0119 Ania Adamczuk, jestem muzykiem (moj\u0105 muz\u0119 znajdziesz w mediach pod nazw\u0105 Ania Anahata Music \ud83d\ude09 Chwil\u0119 przez pandemi\u0105 m\u00f3j kr\u0119gos\u0142up w wyniku przeci\u0105\u017cenia z\u0142o\u017cy\u0142 si\u0119 w kilkunastu kr\u0119gach niczym domino uniemo\u017cliwiaj\u0105c mi normalne funkcjonowanie. Nie zdecydowa\u0142am si\u0119 na operacj\u0119 ad hoc, bo ju\u017c bym sobie nie pogra\u0142a na skrzypcach, ani nie pota\u0144czy\u0142a [&hellip;]<\/p>\n","protected":false},"author":2,"featured_media":0,"parent":0,"menu_order":0,"comment_status":"closed","ping_status":"closed","template":"","meta":{"footnotes":""},"class_list":["post-252","page","type-page","status-publish","hentry"],"_links":{"self":[{"href":"https:\/\/konopnamaryska.pl\/index.php\/wp-json\/wp\/v2\/pages\/252"}],"collection":[{"href":"https:\/\/konopnamaryska.pl\/index.php\/wp-json\/wp\/v2\/pages"}],"about":[{"href":"https:\/\/konopnamaryska.pl\/index.php\/wp-json\/wp\/v2\/types\/page"}],"author":[{"embeddable":true,"href":"https:\/\/konopnamaryska.pl\/index.php\/wp-json\/wp\/v2\/users\/2"}],"replies":[{"embeddable":true,"href":"https:\/\/konopnamaryska.pl\/index.php\/wp-json\/wp\/v2\/comments?post=252"}],"version-history":[{"count":16,"href":"https:\/\/konopnamaryska.pl\/index.php\/wp-json\/wp\/v2\/pages\/252\/revisions"}],"predecessor-version":[{"id":360,"href":"https:\/\/konopnamaryska.pl\/index.php\/wp-json\/wp\/v2\/pages\/252\/revisions\/360"}],"wp:attachment":[{"href":"https:\/\/konopnamaryska.pl\/index.php\/wp-json\/wp\/v2\/media?parent=252"}],"curies":[{"name":"wp","href":"https:\/\/api.w.org\/{rel}","templated":true}]}}