{"id":73,"date":"2021-08-23T23:14:39","date_gmt":"2021-08-23T21:14:39","guid":{"rendered":"https:\/\/konopnamaryska.pl\/?page_id=73"},"modified":"2021-11-09T19:23:22","modified_gmt":"2021-11-09T18:23:22","slug":"refund_returns","status":"publish","type":"page","link":"https:\/\/konopnamaryska.pl\/index.php\/refund_returns\/","title":{"rendered":"Polityka zwrot\u00f3w"},"content":{"rendered":"\n<p><h3>Przegl\u0105d<\/h3><\/p>\n\n\n\n<p>Nasza polityka zwrot\u00f3w i zwrot\u00f3w obowi\u0105zuje przez 30 dni. Je\u015bli od zakupu min\u0119\u0142o 30 dni, nie mo\u017cemy zaoferowa\u0107 pe\u0142nego zwrotu ani wymiany.<\/p>\n\n\n\n<p>Aby kwalifikowa\u0107 si\u0119 do zwrotu, przedmiot musi by\u0107 nieu\u017cywany i w takim samym stanie, w jakim go otrzyma\u0142e\u015b. Musi by\u0107 r\u00f3wnie\u017c w oryginalnym opakowaniu.<\/p>\n\n\n\n<p>Kilka rodzaj\u00f3w towar\u00f3w jest zwolnionych ze zwrotu. Towary \u0142atwo psuj\u0105ce si\u0119, takie jak ekstrakty nie podlegaj\u0105 zwrotowi. <\/p>\n\n\n\n<p>Aby dokona\u0107 zwrotu, potrzebujemy paragonu lub dowodu zakupu.<\/p>\n\n\n\n<p><h2>Zwroty pieni\u0119dzy<\/h2><\/p>\n\n\n\n<p>Po otrzymaniu i sprawdzeniu Twojego zwrotu wy\u015blemy Ci wiadomo\u015b\u0107 e-mail z powiadomieniem, \u017ce otrzymali\u015bmy zwr\u00f3cony przedmiot. Powiadomimy Ci\u0119 r\u00f3wnie\u017c o zatwierdzeniu lub odrzuceniu zwrotu.<\/p>\n\n\n\n<p>Je\u015bli zostaniesz zatwierdzony, zwrot zostanie przetworzony, a kredyt zostanie automatycznie zastosowany do Twojej karty kredytowej lub oryginalnej metody p\u0142atno\u015bci w ci\u0105gu okre\u015blonej liczby dni.<\/p>\n\n\n\n<p><b>Sp\u00f3\u017anione lub brakuj\u0105ce zwroty<\/b><\/p>\n\n\n\n<p>Je\u015bli jeszcze nie otrzyma\u0142e\u015b zwrotu, najpierw sprawd\u017a ponownie swoje konto bankowe.<\/p>\n\n\n\n<p>Nast\u0119pnie skontaktuj si\u0119 z wystawc\u0105 karty kredytowej. Oficjalne zaksi\u0119gowanie zwrotu mo\u017ce troch\u0119 potrwa\u0107.<\/p>\n\n\n\n<p>Nast\u0119pnie skontaktuj si\u0119 z bankiem. Cz\u0119sto przed wys\u0142aniem zwrotu pieni\u0119dzy mija troch\u0119 czasu.<\/p>\n\n\n\n<p>Je\u015bli zrobi\u0142e\u015b to wszystko i nadal nie otrzyma\u0142e\u015b zwrotu pieni\u0119dzy, skontaktuj si\u0119 z nami pod adresem {adres e-mail}<\/p>\n\n\n\n<p><b>Rzeczy z promocji<\/b><\/p>\n\n\n\n<p>Zwrotom koszt\u00f3w mog\u0105 podlega\u0107 tylko produkty o zwyk\u0142ej cenie. Przedmioty wyprzedane nie podlegaj\u0105 zwrotowi.<\/p>\n\n\n\n<p><h2>Wymiany<\/h2><\/p>\n\n\n\n<p>Wymieniamy tylko przedmioty, kt\u00f3re s\u0105 wadliwe lub uszkodzone. Je\u015bli chcesz wymieni\u0107 go na ten sam przedmiot, wy\u015blij nam e-mail na adres {konopnamaryska@gmail.com} i wy\u015blij przedmiot na: {Sitaniec Wolica 110, 22-400  Zamo\u015b\u0107}.<\/p>\n\n\n\n<p><h2>Wysy\u0142ka zwrot\u00f3w<\/h2><\/p>\n\n\n\n<p>Aby zwr\u00f3ci\u0107 produkt, nale\u017cy wys\u0142a\u0107 go na adres: {Sitaniec Wolica 110, 22-400 Zamo\u015b\u0107}<\/p>\n\n\n\n<p>B\u0119dziesz odpowiedzialny za op\u0142acenie w\u0142asnych koszt\u00f3w wysy\u0142ki w celu zwrotu przedmiotu. Koszty wysy\u0142ki nie podlegaj\u0105 zwrotowi. Je\u015bli otrzymasz zwrot pieni\u0119dzy, koszt wysy\u0142ki zwrotnej zostanie odj\u0119ty od Twojego zwrotu.<\/p>\n\n\n\n<p>W zale\u017cno\u015bci od tego, gdzie mieszkasz, czas, jaki mo\u017ce up\u0142yn\u0105\u0107, zanim wymieniony produkt do Ciebie dotrze, mo\u017ce si\u0119 r\u00f3\u017cni\u0107.<\/p>\n\n\n\n<p>Je\u015bli zwracasz dro\u017csze produkty, mo\u017cesz rozwa\u017cy\u0107 skorzystanie z us\u0142ugi \u015bledzenia przesy\u0142ki lub wykupienie ubezpieczenia wysy\u0142ki. Nie gwarantujemy, \u017ce otrzymamy zwr\u00f3cony przedmiot.<\/p>\n\n\n\n<p><h2>Potrzebujesz pomocy?<\/h2><\/p>\n\n\n\n<p>Skontaktuj si\u0119 z nami przez maila konopnamaryska@gmail.com je\u015bli masz jeszcze jakie\u015b pytania zwi\u0105zane ze zwrotem pieni\u0119dzy lub towaru. <\/p>\n","protected":false},"excerpt":{"rendered":"<p>Przegl\u0105d Nasza polityka zwrot\u00f3w i zwrot\u00f3w obowi\u0105zuje przez 30 dni. Je\u015bli od zakupu min\u0119\u0142o 30 dni, nie mo\u017cemy zaoferowa\u0107 pe\u0142nego zwrotu ani wymiany. Aby kwalifikowa\u0107 si\u0119 do zwrotu, przedmiot musi by\u0107 nieu\u017cywany i w takim samym stanie, w jakim go otrzyma\u0142e\u015b. Musi by\u0107 r\u00f3wnie\u017c w oryginalnym opakowaniu. Kilka rodzaj\u00f3w towar\u00f3w jest zwolnionych ze zwrotu. Towary [&hellip;]<\/p>\n","protected":false},"author":1,"featured_media":0,"parent":0,"menu_order":0,"comment_status":"closed","ping_status":"closed","template":"","meta":{"footnotes":""},"class_list":["post-73","page","type-page","status-publish","hentry"],"_links":{"self":[{"href":"https:\/\/konopnamaryska.pl\/index.php\/wp-json\/wp\/v2\/pages\/73"}],"collection":[{"href":"https:\/\/konopnamaryska.pl\/index.php\/wp-json\/wp\/v2\/pages"}],"about":[{"href":"https:\/\/konopnamaryska.pl\/index.php\/wp-json\/wp\/v2\/types\/page"}],"author":[{"embeddable":true,"href":"https:\/\/konopnamaryska.pl\/index.php\/wp-json\/wp\/v2\/users\/1"}],"replies":[{"embeddable":true,"href":"https:\/\/konopnamaryska.pl\/index.php\/wp-json\/wp\/v2\/comments?post=73"}],"version-history":[{"count":2,"href":"https:\/\/konopnamaryska.pl\/index.php\/wp-json\/wp\/v2\/pages\/73\/revisions"}],"predecessor-version":[{"id":220,"href":"https:\/\/konopnamaryska.pl\/index.php\/wp-json\/wp\/v2\/pages\/73\/revisions\/220"}],"wp:attachment":[{"href":"https:\/\/konopnamaryska.pl\/index.php\/wp-json\/wp\/v2\/media?parent=73"}],"curies":[{"name":"wp","href":"https:\/\/api.w.org\/{rel}","templated":true}]}}