{"id":99,"date":"2021-08-30T19:38:44","date_gmt":"2021-08-30T17:38:44","guid":{"rendered":"https:\/\/konopnamaryska.pl\/?page_id=99"},"modified":"2022-12-07T16:16:23","modified_gmt":"2022-12-07T15:16:23","slug":"cbg-2","status":"publish","type":"page","link":"https:\/\/konopnamaryska.pl\/index.php\/cbg-2\/","title":{"rendered":"Produkty CBG"},"content":{"rendered":"\n<p class=\"has-medium-font-size\"><strong>Czym jest CBG?<\/strong><\/p>\n\n\n\n<p>W ro\u015blinie konopi znajduje si\u0119\u00a0<a href=\"https:\/\/pl.wikipedia.org\/wiki\/Kannabinoidy\">ponad 100 r\u00f3\u017cnych kannabinoid\u00f3w<\/a>. Najpopularniejsze i najbardziej znane z nich to tetrahydrokannabinol (<a href=\"https:\/\/pl.wikipedia.org\/wiki\/Tetrahydrokannabinol\">THC<\/a>) i kannabidiol (<a href=\"https:\/\/pl.wikipedia.org\/wiki\/Kannabidiol\">CBD<\/a>). Chocia\u017c CBG nie jest jeszcze tak popularny, jest on r\u00f3wnie\u017c jednym z g\u0142\u00f3wnych kannabinoid\u00f3w i odgrywa wa\u017cn\u0105 rol\u0119 w ro\u015blinie.<\/p>\n\n\n\n<p>THC jest substancj\u0105 odpowiedzialn\u0105 za znany efekt psychoaktywny, kt\u00f3ry zapewnia marihuana. Podczas gdy samo CBD nie da ci tego uczucia, zapewnia ono szeroki zakres korzy\u015bci zdrowotnych, co czyni je jednym z najwi\u0119kszych odkry\u0107 ostatnich czas\u00f3w dla wielu ludzi.<\/p>\n\n\n\n<p>CBG, czyli kannabigerol, zwany matk\u0105 CBD, jest jej starsz\u0105 odmian\u0105. Jest w pe\u0142ni legalny i nie wykazuje dzia\u0142ania psychoaktywnego. CBG wp\u0142ynie pozytywnie na Tw\u00f3j nastr\u00f3j i znacznie poprawi Twoje zdrowie!<\/p>\n\n\n\n<p><\/p>\n\n\n\n<p class=\"has-medium-font-size\"><strong>Korzy\u015bci z przyjmowania CBG<\/strong>:<\/p>\n\n\n\n<p>Jak dzia\u0142a CBG i w jakich problemach pomaga:<\/p>\n\n\n\n<p><strong>1.<\/strong> <strong>Zwi\u0119ksza odporno\u015b\u0107 na covida, przezi\u0119bienia, infekcje i inne zarazy <\/strong><\/p>\n\n\n\n<p>CBG dzia\u0142a antybakteryjnie, antyoksydacyjnie i przeciwzapalnie, dzi\u0119ki czemu ochroni Ci\u0119 przed z\u0142apaniem infekcji sezonowych. <a href=\"https:\/\/jpet.aspetjournals.org\/content\/376\/2\/204#ref-5\" data-type=\"URL\" data-id=\"https:\/\/jpet.aspetjournals.org\/content\/376\/2\/204#ref-5\">Tu<\/a> znajdziesz badania dlaczego tak to dzia\u0142a \ud83d\ude42<\/p>\n\n\n\n<p>2. <strong>CBG chroni Tw\u00f3j M\u00f3zg<\/strong><\/p>\n\n\n\n<p>Wed\u0142ug badania z 2020 roku, CBG dzia\u0142a jako przeciwutleniacz w m\u00f3zgu, co oznacza, \u017ce mo\u017ce chroni\u0107 uk\u0142ad nerwowy przed uszkodzeniem. Badanie pokazuje, \u017ce kannabigerol dzia\u0142a jako niezwykle aktywny lek neuroprotekcyjny u myszy. Kannabinoid poprawia\u0142 deficyty motoryczne i tym samym chroni\u0142 neurony przed toksyczno\u015bci\u0105. Badania znajdziesz <a href=\"https:\/\/www.ncbi.nlm.nih.gov\/pmc\/articles\/PMC7279038\/\" data-type=\"URL\" data-id=\"https:\/\/www.ncbi.nlm.nih.gov\/pmc\/articles\/PMC7279038\/\">tutaj<\/a>.<\/p>\n\n\n\n<p><strong>3. Leczy IBS i IBD, \u0142agodzi nudno\u015bci, b\u00f3l brzucha, niweluje uczucie, kiedy co\u015b &#8222;siedzi na \u017co\u0142\u0105dku&#8221;<\/strong>, <strong>leczy oporne na antybiotyki infekcje bakteryjne<\/strong><\/p>\n\n\n\n<p>Wyniki uzyskane w ramach tych bada\u0144 pokazuj\u0105, \u017ce podawanie CBG wi\u0105za\u0142o si\u0119 ze znaczn\u0105 popraw\u0105 w modelach IBD. Naukowcy doszli do wniosku, \u017ce wp\u0142yw CBG by\u0142 \u201ezwi\u0105zany z modulacj\u0105 poziom\u00f3w cytokin i obni\u017ceniem ekspresji iNOS (ale nie COX-2)\u201d. Zauwa\u017cono r\u00f3wnie\u017c, \u017ce CBG by\u0142 w stanie wywiera\u0107 dzia\u0142anie przeciwutleniaj\u0105ce w jelitach obj\u0119tych stanem zapalnym, jak r\u00f3wnie\u017c w kom\u00f3rkach nab\u0142onka nara\u017conych na stres oksydacyjny. Badania znajdziesz <a href=\"https:\/\/pubmed.ncbi.nlm.nih.gov\/23415610\/\">tutaj<\/a>, a o leczeniu infekcji opornych na antybiotyki <a href=\"https:\/\/pubs.acs.org\/doi\/10.1021\/acsinfecdis.9b00419\" data-type=\"URL\" data-id=\"https:\/\/pubs.acs.org\/doi\/10.1021\/acsinfecdis.9b00419\">tutaj<\/a>.<\/p>\n\n\n\n<p><strong>4. Leczy depresje i stany l\u0119kowe.<\/strong><\/p>\n\n\n\n<p>Naukowcy dowiedli \u017ce CBG dzia\u0142a bezpo\u015brednio na inhibitory zwrotne serotoniny (dok\u0142adnie tak samo jak antydepresanty), przez co do\u0142adowuje i chroni system nerwowy. Ponadto, dopiero niedawno naukowcy docenili kontrol\u0119, jak\u0105 mikrobiom jelitowy wywiera na o\u015brodkowy uk\u0142ad nerwowy i odwrotnie. Rzeczywi\u015bcie, podczas gdy m\u00f3zg jest w stanie wysy\u0142a\u0107 przeka\u017aniki chemiczne do jelit w celu regulacji apetytu i trawienia, coraz wi\u0119cej bada\u0144 sugeruje, \u017ce znajduj\u0105ce si\u0119 w nim bakterie r\u00f3wnie\u017c uwalniaj\u0105 metabolity, kt\u00f3re przemieszczaj\u0105 si\u0119 w przeciwnym kierunku, aby zmieni\u0107 funkcjonowanie m\u00f3zgu. W zwi\u0105zku z tym obecnie powszechnie przyjmuje si\u0119, \u017ce sk\u0142ad mikrobiomu danej osoby znacz\u0105co przyczynia si\u0119 do ryzyka wyst\u0105pienia chor\u00f3b psychicznych, takich jak\u00a0<a href=\"https:\/\/satilec.com\/czy-cbd-moze-pomoc-w-depresji\/\">depresja<\/a>. Najnowsze dowody na to powi\u0105zanie mo\u017cna znale\u017a\u0107 w nowym badaniu w czasopi\u015bmie Nature Communications , kt\u00f3re sugeruje, \u017ce niekt\u00f3re szkodliwe bakterie jelitowe hamuj\u0105 produkcj\u0119 kannabinoid\u00f3w w m\u00f3zgu, co prowadzi do negatywnych skutk\u00f3w dla zdrowia psychicznego. Badania na ten temat znajdziesz <a href=\"https:\/\/www.nature.com\/articles\/s41467-020-19931-2\" data-type=\"URL\" data-id=\"https:\/\/www.nature.com\/articles\/s41467-020-19931-2\">tutaj<\/a> i <a href=\"https:\/\/link.springer.com\/article\/10.1007\/s12640-020-00277-y\" data-type=\"URL\" data-id=\"https:\/\/link.springer.com\/article\/10.1007\/s12640-020-00277-y\">tutaj<\/a> oraz <a href=\"https:\/\/bpspubs.onlinelibrary.wiley.com\/doi\/full\/10.1111\/j.1476-5381.2009.00515.x\" data-type=\"URL\" data-id=\"https:\/\/bpspubs.onlinelibrary.wiley.com\/doi\/full\/10.1111\/j.1476-5381.2009.00515.x\">tutaj<\/a>. <\/p>\n\n\n\n<p><strong>5. Leczy nowotwory, wszelkie zapalenia w ciele jak: PCOS (policystyczne jajniki), cysty<\/strong>, <strong>guzy<\/strong>, <strong>borelioz\u0119<\/strong> (szczeg\u00f3lnie wtedy gdy chorob\u0105 obj\u0119te s\u0105 stawy (doustnie i od zewn\u0105trz wsmarowuj\u0105c ekstrakt), <strong>reumatoidalne zapalenie staw\u00f3w<\/strong>, <strong>zapalenie p\u0119cherza<\/strong><\/p>\n\n\n\n<p>Dzi\u0119ki swoim w\u0142a\u015bciwo\u015bciom przeciwutleniaj\u0105cym i przeciwzapalnym, kannabigerol wspomaga leczenie raka. W <a href=\"https:\/\/www.ncbi.nlm.nih.gov\/pmc\/articles\/PMC7914500\/\" data-type=\"URL\" data-id=\"https:\/\/www.ncbi.nlm.nih.gov\/pmc\/articles\/PMC7914500\/\">badaniu<\/a> przedstawionym w 2021 roku stwierdzono, \u017ce CBG\u00a0mo\u017ce by\u0107 w stanie hamowa\u0107 wzrost kom\u00f3rek nowotworowych. Ponadto badanie pokazuje, \u017ce CBG mo\u017ce mie\u0107 w\u0142a\u015bciwo\u015bci przeciwnowotworowe, co oznacza, \u017ce kannabinoid m\u00f3g\u0142by by\u0107 w przysz\u0142o\u015bci wykorzystywany nie tylko do leczenia, ale tak\u017ce do zapobiegania nowotworom. Badanie o w\u0142a\u015bciwo\u015bciach antyzapalnym znajdziesz <a href=\"https:\/\/www.drugtargetreview.com\/news\/55433\/cannabinoid-screening-reveals-anti-tumour-properties-of-cbc-and-cbg\/\" data-type=\"URL\" data-id=\"https:\/\/www.drugtargetreview.com\/news\/55433\/cannabinoid-screening-reveals-anti-tumour-properties-of-cbc-and-cbg\/\">tutaj<\/a>.<\/p>\n\n\n\n<p><strong>6. Leczy astm\u0119 i cukrzyc\u0119<\/strong><\/p>\n\n\n\n<p>CBG oddzia\u0142uje r\u00f3wnie\u017c z wa\u017cnym receptorem zwanym PPAR\u03b3, reguluj\u0105cym magazynowanie kwas\u00f3w t\u0142uszczowych i metabolizm glukozy. Zwi\u0105zki farmaceutyczne, kt\u00f3re wi\u0105\u017c\u0105 si\u0119 z tym receptorem, s\u0105 cz\u0119sto przepisywane w celu leczenia zaburze\u0144 metabolicznych, a badania wykaza\u0142y, \u017ce CBG mo\u017ce by\u0107 silniejsze ni\u017c wiele z tych lek\u00f3w.<\/p>\n\n\n\n<p>7. Zmniejsza napi\u0119cie nerwowe u chorych na <strong>stwardnienie rozsiane<\/strong> oraz <strong>chorob\u0119 Parkinson<\/strong>a, nasila dzia\u0142anie przeciwdrgawkowe lek\u00f3w przeciwpadaczkowych. Badania znajdziesz o stwardnieniu <a href=\"https:\/\/pubmed.ncbi.nlm.nih.gov\/22971837\/\" data-type=\"URL\" data-id=\"https:\/\/pubmed.ncbi.nlm.nih.gov\/22971837\/\">tutaj<\/a> i <a href=\"https:\/\/www.thelancet.com\/journals\/lancet\/article\/PIIS0140-6736(03)14738-1\/fulltext\" data-type=\"URL\" data-id=\"https:\/\/www.thelancet.com\/journals\/lancet\/article\/PIIS0140-6736(03)14738-1\/fulltext\">tutaj<\/a>, a chorobie Parkinsona <a href=\"https:\/\/content.iospress.com\/articles\/journal-of-parkinsons-disease\/jpd202260\" data-type=\"URL\" data-id=\"https:\/\/content.iospress.com\/articles\/journal-of-parkinsons-disease\/jpd202260\">tutaj<\/a><\/p>\n\n\n\n<p>8<strong>.<\/strong> Zwi\u0119ksza skuteczno\u015b\u0107 <strong>leczenia<\/strong> wielu <strong>uzale\u017cnie\u0144<\/strong>, takich jak <strong>alkoholizm, narkomania i lekomania<\/strong>.<\/p>\n\n\n\n<p><strong>9. Podnosi wyniki sportowc\u00f3w<\/strong><\/p>\n\n\n\n<p>Dzia\u0142a stymuluj\u0105co, pobudz\u0105j\u0105co, sportowcy za\u017cywaj\u0105 CBG przed treningiem w celu zwi\u0119kszenia wydajno\u015bci.<\/p>\n\n\n\n<p><strong>10. Dzia\u0142a odm\u0142adzaj\u0105co oraz antyzapalnie w chorobach sk\u00f3ry jak tr\u0105dzik r\u00f3\u017cowaty<\/strong><\/p>\n\n\n\n<p>W badaniach udowodniono, \u017ce CBG dzia\u0142a antyzapalnie, \u0142\u0105czy wolne rodniki, zwi\u0119ksza elastyczno\u015b\u0107 sk\u00f3ry. Badania znajdziesz <a href=\"https:\/\/www.jidonline.org\/article\/S0022-202X(22)02182-0\/fulltext\" data-type=\"URL\" data-id=\"https:\/\/www.jidonline.org\/article\/S0022-202X(22)02182-0\/fulltext\">tutaj<\/a> odno\u015bnie dzia\u0142ania odm\u0142adzaj\u0105cego i <a href=\"https:\/\/www.jidonline.org\/article\/S0022-202X(21)00729-6\/fulltext\" data-type=\"URL\" data-id=\"https:\/\/www.jidonline.org\/article\/S0022-202X(21)00729-6\/fulltext\">tutaj<\/a> odno\u015bnie chor\u00f3b sk\u00f3ry.<\/p>\n\n\n\n<p><\/p>\n\n\n\n<p style=\"font-size:9px\">Wszystkie informacje podane na niniejszej stronie internetowej, jak r\u00f3wnie\u017c informacje, kt\u00f3re s\u0105 przekazywane za po\u015brednictwem tej strony, s\u0142u\u017c\u0105 wy\u0142\u0105cznie do cel\u00f3w edukacyjnych. \u017badna z przedstawianych tu informacji nie s\u0142u\u017cy jako zamiennik diagnozy lekarskiej i takiej informacji nie nale\u017cy uwa\u017ca\u0107 za porad\u0119 lekarsk\u0105 czy zalecane leczenie. Niniejsza strona internetowa nie wspiera, nie zatwierdza ani te\u017c nie broni dozwolonego i zabronionego stosowania substancji psychoaktywnych oraz psychotropowych, ani te\u017c wykonywania innych nielegalnych dzia\u0142a\u0144.\u00a0<\/p>\n\n\n<div data-block-name=\"woocommerce\/product-best-sellers\" data-categories=\"[22]\" class=\"wc-block-grid wp-block-product-best-sellers wc-block-product-best-sellers has-3-columns has-multiple-rows\"><ul class=\"wc-block-grid__products\"><li class=\"wc-block-grid__product\">\n\t\t\t\t<a href=\"https:\/\/konopnamaryska.pl\/index.php\/product\/ekstrakt-cbg-10\/\" class=\"wc-block-grid__product-link\">\n\t\t\t\t\t<div class=\"wc-block-grid__product-image\"><img loading=\"lazy\" decoding=\"async\" width=\"300\" height=\"457\" src=\"https:\/\/konopnamaryska.pl\/wp-content\/uploads\/2021\/11\/IMG_1168-300x457.jpg\" class=\"attachment-woocommerce_thumbnail size-woocommerce_thumbnail\" alt=\"Ekstrakt wzmacniaj\u0105cy CBG\" \/><\/div>\n\t\t\t\t\t<div class=\"wc-block-grid__product-title\">Ekstrakt wzmacniaj\u0105cy CBG<\/div>\n\t\t\t\t<\/a>\n\t\t\t\t\n\t\t\t\t<div class=\"wc-block-grid__product-price price\"><span class=\"woocommerce-Price-amount amount\">80,00&nbsp;<span class=\"woocommerce-Price-currencySymbol\">&#122;&#322;<\/span><\/span> &ndash; <span class=\"woocommerce-Price-amount amount\">689,00&nbsp;<span class=\"woocommerce-Price-currencySymbol\">&#122;&#322;<\/span><\/span><\/div>\n\t\t\t\t\n\t\t\t\t<div class=\"wp-block-button wc-block-grid__product-add-to-cart\"><a href=\"https:\/\/konopnamaryska.pl\/index.php\/product\/ekstrakt-cbg-10\/\" aria-label=\"Wybierz opcje dla &bdquo;Ekstrakt wzmacniaj\u0105cy CBG&rdquo;\" data-quantity=\"1\" data-product_id=\"173\" data-product_sku=\"\" rel=\"nofollow\" class=\"wp-block-button__link wp-element-button add_to_cart_button\">Wybierz opcje<\/a><\/div>\n\t\t\t<\/li><li class=\"wc-block-grid__product\">\n\t\t\t\t<a href=\"https:\/\/konopnamaryska.pl\/index.php\/product\/herbatka-konopna-cieta\/\" class=\"wc-block-grid__product-link\">\n\t\t\t\t\t<div class=\"wc-block-grid__product-image\"><img loading=\"lazy\" decoding=\"async\" width=\"300\" height=\"457\" src=\"https:\/\/konopnamaryska.pl\/wp-content\/uploads\/2021\/11\/IMG_1037-300x457.jpg\" class=\"attachment-woocommerce_thumbnail size-woocommerce_thumbnail\" alt=\"Herbatka wzmacniaj\u0105ca CBG\" \/><\/div>\n\t\t\t\t\t<div class=\"wc-block-grid__product-title\">Herbatka wzmacniaj\u0105ca CBG<\/div>\n\t\t\t\t<\/a>\n\t\t\t\t\n\t\t\t\t<div class=\"wc-block-grid__product-price price\"><span class=\"woocommerce-Price-amount amount\">10,00&nbsp;<span class=\"woocommerce-Price-currencySymbol\">&#122;&#322;<\/span><\/span> &ndash; <span class=\"woocommerce-Price-amount amount\">80,00&nbsp;<span class=\"woocommerce-Price-currencySymbol\">&#122;&#322;<\/span><\/span><\/div>\n\t\t\t\t\n\t\t\t\t<div class=\"wp-block-button wc-block-grid__product-add-to-cart\"><a href=\"https:\/\/konopnamaryska.pl\/index.php\/product\/herbatka-konopna-cieta\/\" aria-label=\"Wybierz opcje dla &bdquo;Herbatka wzmacniaj\u0105ca CBG&rdquo;\" data-quantity=\"1\" data-product_id=\"154\" data-product_sku=\"\" rel=\"nofollow\" class=\"wp-block-button__link wp-element-button add_to_cart_button\">Wybierz opcje<\/a><\/div>\n\t\t\t<\/li><li class=\"wc-block-grid__product\">\n\t\t\t\t<a href=\"https:\/\/konopnamaryska.pl\/index.php\/product\/susz-konopny-maly\/\" class=\"wc-block-grid__product-link\">\n\t\t\t\t\t<div class=\"wc-block-grid__product-image\"><img loading=\"lazy\" decoding=\"async\" width=\"300\" height=\"457\" src=\"https:\/\/konopnamaryska.pl\/wp-content\/uploads\/2021\/11\/IMG-20211026-WA0012-300x457.jpg\" class=\"attachment-woocommerce_thumbnail size-woocommerce_thumbnail\" alt=\"Herbatkowy susz z kwiat\u00f3w konopi CBG\" \/><\/div>\n\t\t\t\t\t<div class=\"wc-block-grid__product-title\">Herbatkowy susz z kwiat\u00f3w konopi CBG<\/div>\n\t\t\t\t<\/a>\n\t\t\t\t\n\t\t\t\t<div class=\"wc-block-grid__product-price price\"><span class=\"woocommerce-Price-amount amount\">50,00&nbsp;<span class=\"woocommerce-Price-currencySymbol\">&#122;&#322;<\/span><\/span> &ndash; <span class=\"woocommerce-Price-amount amount\">100,00&nbsp;<span class=\"woocommerce-Price-currencySymbol\">&#122;&#322;<\/span><\/span><\/div>\n\t\t\t\t\n\t\t\t\t<div class=\"wp-block-button wc-block-grid__product-add-to-cart\"><a href=\"https:\/\/konopnamaryska.pl\/index.php\/product\/susz-konopny-maly\/\" aria-label=\"Wybierz opcje dla &bdquo;Herbatkowy susz z kwiat\u00f3w konopi CBG&rdquo;\" data-quantity=\"1\" data-product_id=\"151\" data-product_sku=\"\" rel=\"nofollow\" class=\"wp-block-button__link wp-element-button add_to_cart_button\">Wybierz opcje<\/a><\/div>\n\t\t\t<\/li><li class=\"wc-block-grid__product\">\n\t\t\t\t<a href=\"https:\/\/konopnamaryska.pl\/index.php\/product\/swiateczny-zestaw-wzmcniajacy-dla-poczatkujacych-cbg\/\" class=\"wc-block-grid__product-link\">\n\t\t\t\t\t<div class=\"wc-block-grid__product-image\"><img loading=\"lazy\" decoding=\"async\" width=\"300\" height=\"457\" src=\"https:\/\/konopnamaryska.pl\/wp-content\/uploads\/2023\/08\/zestaw3-Olejek-CBD-10-HerbCBD-100-e1725288810276-300x457.jpg\" class=\"attachment-woocommerce_thumbnail size-woocommerce_thumbnail\" alt=\"Zestaw wzmacniaj\u0105cy dla pocz\u0105tkuj\u0105cych CBG\" \/><\/div>\n\t\t\t\t\t<div class=\"wc-block-grid__product-title\">Zestaw wzmacniaj\u0105cy dla pocz\u0105tkuj\u0105cych CBG<\/div>\n\t\t\t\t<\/a>\n\t\t\t\t\n\t\t\t\t<div class=\"wc-block-grid__product-price price\"><span class=\"woocommerce-Price-amount amount\">140,00&nbsp;<span class=\"woocommerce-Price-currencySymbol\">&#122;&#322;<\/span><\/span> &ndash; <span class=\"woocommerce-Price-amount amount\">340,00&nbsp;<span class=\"woocommerce-Price-currencySymbol\">&#122;&#322;<\/span><\/span><\/div>\n\t\t\t\t\n\t\t\t\t<div class=\"wp-block-button wc-block-grid__product-add-to-cart\"><a href=\"https:\/\/konopnamaryska.pl\/index.php\/product\/swiateczny-zestaw-wzmcniajacy-dla-poczatkujacych-cbg\/\" aria-label=\"Wybierz opcje dla &bdquo;Zestaw wzmacniaj\u0105cy dla pocz\u0105tkuj\u0105cych CBG&rdquo;\" data-quantity=\"1\" data-product_id=\"611\" data-product_sku=\"\" rel=\"nofollow\" class=\"wp-block-button__link wp-element-button add_to_cart_button\">Wybierz opcje<\/a><\/div>\n\t\t\t<\/li><li class=\"wc-block-grid__product\">\n\t\t\t\t<a href=\"https:\/\/konopnamaryska.pl\/index.php\/product\/swiateczny-mega-zestaw-cbg-cbd-dla-zaawansowanych\/\" class=\"wc-block-grid__product-link\">\n\t\t\t\t\t<div class=\"wc-block-grid__product-image\"><img loading=\"lazy\" decoding=\"async\" width=\"300\" height=\"457\" src=\"https:\/\/konopnamaryska.pl\/wp-content\/uploads\/2023\/08\/zestaw4-4Olejki-10ml-2x2-2herbatki-2x50-1-e1725287454652-300x457.jpg\" class=\"attachment-woocommerce_thumbnail size-woocommerce_thumbnail\" alt=\"MEGA zestaw CBG + CBD dla zaawansowanych\" \/><\/div>\n\t\t\t\t\t<div class=\"wc-block-grid__product-title\">MEGA zestaw CBG + CBD dla zaawansowanych<\/div>\n\t\t\t\t<\/a>\n\t\t\t\t\n\t\t\t\t<div class=\"wc-block-grid__product-price price\"><span class=\"woocommerce-Price-amount amount\">599,00&nbsp;<span class=\"woocommerce-Price-currencySymbol\">&#122;&#322;<\/span><\/span> &ndash; <span class=\"woocommerce-Price-amount amount\">1499,00&nbsp;<span class=\"woocommerce-Price-currencySymbol\">&#122;&#322;<\/span><\/span><\/div>\n\t\t\t\t\n\t\t\t\t<div class=\"wp-block-button wc-block-grid__product-add-to-cart\"><a href=\"https:\/\/konopnamaryska.pl\/index.php\/product\/swiateczny-mega-zestaw-cbg-cbd-dla-zaawansowanych\/\" aria-label=\"Wybierz opcje dla &bdquo;MEGA zestaw CBG + CBD dla zaawansowanych&rdquo;\" data-quantity=\"1\" data-product_id=\"625\" data-product_sku=\"\" rel=\"nofollow\" class=\"wp-block-button__link wp-element-button add_to_cart_button\">Wybierz opcje<\/a><\/div>\n\t\t\t<\/li><li class=\"wc-block-grid__product\">\n\t\t\t\t<a href=\"https:\/\/konopnamaryska.pl\/index.php\/product\/swiateczny-zestaw-wzmacniajacy-dla-zaawansowanych-cbg\/\" class=\"wc-block-grid__product-link\">\n\t\t\t\t\t<div class=\"wc-block-grid__product-image\"><img loading=\"lazy\" decoding=\"async\" width=\"300\" height=\"457\" src=\"https:\/\/konopnamaryska.pl\/wp-content\/uploads\/2023\/08\/zestaw3-Olejek-CBD-10-HerbCBD-100-e1725288810276-300x457.jpg\" class=\"attachment-woocommerce_thumbnail size-woocommerce_thumbnail\" alt=\"Zestaw wzmacniaj\u0105cy dla zaawansowanych CBG\" \/><\/div>\n\t\t\t\t\t<div class=\"wc-block-grid__product-title\">Zestaw wzmacniaj\u0105cy dla zaawansowanych CBG<\/div>\n\t\t\t\t<\/a>\n\t\t\t\t\n\t\t\t\t<div class=\"wc-block-grid__product-price price\"><span class=\"woocommerce-Price-amount amount\">165,00&nbsp;<span class=\"woocommerce-Price-currencySymbol\">&#122;&#322;<\/span><\/span> &ndash; <span class=\"woocommerce-Price-amount amount\">410,00&nbsp;<span class=\"woocommerce-Price-currencySymbol\">&#122;&#322;<\/span><\/span><\/div>\n\t\t\t\t\n\t\t\t\t<div class=\"wp-block-button wc-block-grid__product-add-to-cart\"><a href=\"https:\/\/konopnamaryska.pl\/index.php\/product\/swiateczny-zestaw-wzmacniajacy-dla-zaawansowanych-cbg\/\" aria-label=\"Wybierz opcje dla &bdquo;Zestaw wzmacniaj\u0105cy dla zaawansowanych CBG&rdquo;\" data-quantity=\"1\" data-product_id=\"614\" data-product_sku=\"\" rel=\"nofollow\" class=\"wp-block-button__link wp-element-button add_to_cart_button\">Wybierz opcje<\/a><\/div>\n\t\t\t<\/li><li class=\"wc-block-grid__product\">\n\t\t\t\t<a href=\"https:\/\/konopnamaryska.pl\/index.php\/product\/swiateczny-eliksirowy-mega-zestaw-cbg-cbd-dla-poczatkujacych\/\" class=\"wc-block-grid__product-link\">\n\t\t\t\t\t<div class=\"wc-block-grid__product-image\"><img loading=\"lazy\" decoding=\"async\" width=\"300\" height=\"457\" src=\"https:\/\/konopnamaryska.pl\/wp-content\/uploads\/2023\/08\/zestaw4-4Olejki-10ml-2x2-2herbatki-2x50-1-e1725287454652-300x457.jpg\" class=\"attachment-woocommerce_thumbnail size-woocommerce_thumbnail\" alt=\"MEGA zestaw CBG + CBD dla pocz\u0105tkuj\u0105cych\" \/><\/div>\n\t\t\t\t\t<div class=\"wc-block-grid__product-title\">MEGA zestaw CBG + CBD dla pocz\u0105tkuj\u0105cych<\/div>\n\t\t\t\t<\/a>\n\t\t\t\t\n\t\t\t\t<div class=\"wc-block-grid__product-price price\"><span class=\"woocommerce-Price-amount amount\">500,00&nbsp;<span class=\"woocommerce-Price-currencySymbol\">&#122;&#322;<\/span><\/span> &ndash; <span class=\"woocommerce-Price-amount amount\">1249,00&nbsp;<span class=\"woocommerce-Price-currencySymbol\">&#122;&#322;<\/span><\/span><\/div>\n\t\t\t\t\n\t\t\t\t<div class=\"wp-block-button wc-block-grid__product-add-to-cart\"><a href=\"https:\/\/konopnamaryska.pl\/index.php\/product\/swiateczny-eliksirowy-mega-zestaw-cbg-cbd-dla-poczatkujacych\/\" aria-label=\"Wybierz opcje dla &bdquo;MEGA zestaw CBG + CBD dla pocz\u0105tkuj\u0105cych&rdquo;\" data-quantity=\"1\" data-product_id=\"622\" data-product_sku=\"\" rel=\"nofollow\" class=\"wp-block-button__link wp-element-button add_to_cart_button\">Wybierz opcje<\/a><\/div>\n\t\t\t<\/li><\/ul><\/div>\n\n\n<p><\/p>\n","protected":false},"excerpt":{"rendered":"<p>Czym jest CBG? W ro\u015blinie konopi znajduje si\u0119\u00a0ponad 100 r\u00f3\u017cnych kannabinoid\u00f3w. Najpopularniejsze i najbardziej znane z nich to tetrahydrokannabinol (THC) i kannabidiol (CBD). Chocia\u017c CBG nie jest jeszcze tak popularny, jest on r\u00f3wnie\u017c jednym z g\u0142\u00f3wnych kannabinoid\u00f3w i odgrywa wa\u017cn\u0105 rol\u0119 w ro\u015blinie. THC jest substancj\u0105 odpowiedzialn\u0105 za znany efekt psychoaktywny, kt\u00f3ry zapewnia marihuana. Podczas [&hellip;]<\/p>\n","protected":false},"author":2,"featured_media":0,"parent":0,"menu_order":0,"comment_status":"closed","ping_status":"closed","template":"","meta":{"footnotes":""},"class_list":["post-99","page","type-page","status-publish","hentry"],"_links":{"self":[{"href":"https:\/\/konopnamaryska.pl\/index.php\/wp-json\/wp\/v2\/pages\/99"}],"collection":[{"href":"https:\/\/konopnamaryska.pl\/index.php\/wp-json\/wp\/v2\/pages"}],"about":[{"href":"https:\/\/konopnamaryska.pl\/index.php\/wp-json\/wp\/v2\/types\/page"}],"author":[{"embeddable":true,"href":"https:\/\/konopnamaryska.pl\/index.php\/wp-json\/wp\/v2\/users\/2"}],"replies":[{"embeddable":true,"href":"https:\/\/konopnamaryska.pl\/index.php\/wp-json\/wp\/v2\/comments?post=99"}],"version-history":[{"count":42,"href":"https:\/\/konopnamaryska.pl\/index.php\/wp-json\/wp\/v2\/pages\/99\/revisions"}],"predecessor-version":[{"id":438,"href":"https:\/\/konopnamaryska.pl\/index.php\/wp-json\/wp\/v2\/pages\/99\/revisions\/438"}],"wp:attachment":[{"href":"https:\/\/konopnamaryska.pl\/index.php\/wp-json\/wp\/v2\/media?parent=99"}],"curies":[{"name":"wp","href":"https:\/\/api.w.org\/{rel}","templated":true}]}}