{"id":267,"date":"2021-11-18T18:10:10","date_gmt":"2021-11-18T17:10:10","guid":{"rendered":"https:\/\/konopnamaryska.pl\/?post_type=product&#038;p=267"},"modified":"2024-09-02T16:45:14","modified_gmt":"2024-09-02T14:45:14","slug":"ekstrakt-cbd-25","status":"publish","type":"product","link":"https:\/\/konopnamaryska.pl\/index.php\/product\/ekstrakt-cbd-25\/","title":{"rendered":"Ekstrakt rozlu\u017aniaj\u0105cy CBD"},"content":{"rendered":"<p>Krople CBD to najczystsze i najsilniejsze organiczne olejki CBD.<\/p>\n<p>Ekstrakcja olejku\u00a0<strong>najzdrowsz\u0105 metod\u0105<\/strong>, czyli alkoholow\u0105, dzi\u0119ki czemu olejek Ci\u0119 nie uczuli, co jest kluczowe przy chorobach takich jak stwardnienie rozsiane, borelioza itp. kiedy system immunologiczny ju\u017c jest mocno nadwer\u0119\u017cony.<\/p>\n<p>Nasze ekstrakty robimy na naturalnej\u00a0 oliwie z oliwek virgin i jako praktycznie jedyni w Polsce nie stosujemy\u00a0<strong>\u017cadnych konserwant\u00f3w<\/strong>\u00a0do olejk\u00f3w! Mo\u017cesz by\u0107 pewien, \u017ce dostaniesz najczystszy produkt dost\u0119pny na rynku.<\/p>\n<p>Pami\u0119taj, \u017ce wszystkie nasze konopie urodzi\u0142y si\u0119 w szklarni na Lubelszczy\u017anie, w gospodarstwie\u00a0<strong>chronionym biologicznie<\/strong>. Nasze boginki mia\u0142y okazj\u0119 nasi\u0105kn\u0105\u0107 jedynie dobrym jako\u015bciowo powietrzem z dala od zanieczyszcze\u0144 miejskich.<\/p>\n<p><strong>Zawarto\u015b\u0107 CBD:<\/strong> 5% (500mg), 10% (1000mg), 15% (1500mg), 25% (2500mg).<\/p>\n<p><strong>Sk\u0142ad:<\/strong>\u00a0oliwa z oliwek virgin, ekstrakt konopny (Cannabis Sativa L.), naturalne terpeny.<\/p>\n<p><strong>Data wa\u017cno\u015bci<\/strong>:\u00a0 min. 1 rok od otwarcia z racji nie stosowania \u017cadnych konserwant\u00f3w.<\/p>\n<p>Przed u\u017cyciem wstrz\u0105sn\u0105\u0107.<br \/>\nChroni\u0107 przed \u015bwiat\u0142em.<br \/>\nPrzechowywa\u0107 w miejscu niedost\u0119pnym dla dzieci.<\/p>\n<p class=\"p1\">Stosowanie olejku:<\/p>\n<p class=\"p1\">Zacznij od 1 kropli 3x dziennie, po tygodniu zwi\u0119ksz ilo\u015b\u0107 o kropelk\u0119. W kolejnych tygodniach w razie potrzeby zwi\u0119ksz ilo\u015b\u0107 o kolejn\u0105 kropl\u0119, itd.. Olejek aplikuj pod j\u0119zyk i przez oko\u0142o 5 minut powstrzymaj si\u0119 od jedzenia i<span class=\"Apple-converted-space\">\u00a0 <\/span>picia, co bym si\u0119 ca\u0142a dobrze wch\u0142on\u0119\u0142a.<\/p>\n<p>&nbsp;<\/p>\n<div id=\"product-description-short-217\">\n<p><strong>Oryginalny i certyfikowany preparat.<\/strong><\/p>\n<p>Produkt zawiera 14,05% CBD, 0,37% CBG,&lt;0,2% THC i jest w 100% legalny.<\/p>\n<p>NIE ZAWIERA SUBSTANCJI\u00a0 PSYCHOAKTYWNYCH<\/p>\n<p>&nbsp;<\/p>\n<\/div>\n<p>&nbsp;<\/p>\n","protected":false},"excerpt":{"rendered":"<p>Krople CBD to najczystsze i najsilniejsze organiczne olejki CBD. Ekstrakcja olejku\u00a0najzdrowsz\u0105 metod\u0105, czyli alkoholow\u0105, dzi\u0119ki czemu olejek Ci\u0119 nie uczuli, co jest kluczowe przy chorobach takich jak stwardnienie rozsiane, borelioza itp. kiedy system immunologiczny ju\u017c jest mocno nadwer\u0119\u017cony. Nasze ekstrakty robimy na naturalnej\u00a0 oliwie z oliwek virgin i jako praktycznie jedyni w Polsce nie stosujemy\u00a0\u017cadnych [&hellip;]<\/p>\n","protected":false},"featured_media":259,"comment_status":"open","ping_status":"closed","template":"","meta":[],"product_cat":[18,33],"product_tag":[36,64,30,34,53,35,31,48],"class_list":["post-267","product","type-product","status-publish","has-post-thumbnail","hentry","product_cat-uncategorized","product_cat-cbd","product_tag-cbd","product_tag-dobre-samopoczucie","product_tag-ekstrakt","product_tag-ekstrakt-cbd","product_tag-na-rozluznienie","product_tag-na-sen","product_tag-olejek","product_tag-rozluznienie"],"_links":{"self":[{"href":"https:\/\/konopnamaryska.pl\/index.php\/wp-json\/wp\/v3\/product\/267"}],"collection":[{"href":"https:\/\/konopnamaryska.pl\/index.php\/wp-json\/wp\/v3\/product"}],"about":[{"href":"https:\/\/konopnamaryska.pl\/index.php\/wp-json\/wp\/v2\/types\/product"}],"replies":[{"embeddable":true,"href":"https:\/\/konopnamaryska.pl\/index.php\/wp-json\/wp\/v2\/comments?post=267"}],"wp:featuredmedia":[{"embeddable":true,"href":"https:\/\/konopnamaryska.pl\/index.php\/wp-json\/wp\/v2\/media\/259"}],"wp:attachment":[{"href":"https:\/\/konopnamaryska.pl\/index.php\/wp-json\/wp\/v2\/media?parent=267"}],"wp:term":[{"taxonomy":"product_cat","embeddable":true,"href":"https:\/\/konopnamaryska.pl\/index.php\/wp-json\/wp\/v2\/product_cat?post=267"},{"taxonomy":"product_tag","embeddable":true,"href":"https:\/\/konopnamaryska.pl\/index.php\/wp-json\/wp\/v2\/product_tag?post=267"}],"curies":[{"name":"wp","href":"https:\/\/api.w.org\/{rel}","templated":true}]}}