{"id":274,"date":"2021-11-18T18:39:26","date_gmt":"2021-11-18T17:39:26","guid":{"rendered":"https:\/\/konopnamaryska.pl\/?post_type=product&#038;p=274"},"modified":"2024-01-02T12:04:43","modified_gmt":"2024-01-02T11:04:43","slug":"susz-konopny-cbd-duzy","status":"publish","type":"product","link":"https:\/\/konopnamaryska.pl\/index.php\/product\/susz-konopny-cbd-duzy\/","title":{"rendered":"Herbatkowy susz z kwiat\u00f3w konopi CBD"},"content":{"rendered":"<p>Susz CBD<\/p>\n<p>To w 100% legalny herbatkowy susz konopny sk\u0142adaj\u0105cy si\u0119 wy\u0142\u0105cznie z \u017ce\u0144skich kwiat\u00f3w Cannabis Sativa L.<\/p>\n<p>Produkt dla konopnych koneser\u00f3w.<\/p>\n<p>Wszystkie nasze konopie urodzi\u0142y si\u0119 w szklarni na Lubelszczy\u017anie, w gospodarstwie <strong>chronionym biologicznie<\/strong>. Nasze boginki mia\u0142y okazj\u0119 nasi\u0105kn\u0105\u0107 jedynie dobrym jako\u015bciowo powietrzem z dala od zanieczyszcze\u0144 miejskich. <strong>Zbierane r\u0119cznie,<\/strong> dzi\u0119ki czemu ich py\u0142ki zosta\u0142y zasuszone w stanie nienaruszonym.<\/p>\n<p>Kwiaty\u00a0<strong>CBD <\/strong>s\u0105\u00a0bogate s\u0105 w naturalnie<strong>\u00a0<\/strong>wyst\u0119puj\u0105ce w konopiach kannabinoidy, terpeny oraz flawonoidy. Susz konopny jest naturalny, nie truty \u017cadnymi chemicznymi\u00a0 aromatami, ma zapach mary\u015bkowy.<\/p>\n<p>&nbsp;<\/p>\n<p><strong>Sk\u0142ad:<\/strong> susz konopny (Cannabis Sativa L.)<\/p>\n<p>CBD: 14,05%<\/p>\n<p>CBG: 0,34%.<\/p>\n<p>THC &lt;0,2%<\/p>\n<p>To naturalna i r\u00f3wnie\u017c maksymalna mo\u017cliwa zawarto\u015b\u0107 tego kannabidoidu w legalnych kwiatach konopi.<\/p>\n<p>&nbsp;<\/p>\n<p>Chroni\u0107 przed \u015bwiat\u0142em.<br \/>\nPrzechowywa\u0107 w miejscu suchym i niedost\u0119pnym dla dzieci.<\/p>\n<div id=\"product-description-short-217\">\n<p><strong>Oryginalny i certyfikowany susz herbatkowy.<\/strong><\/p>\n<p>&nbsp;<\/p>\n<\/div>\n<p>&nbsp;<\/p>\n<p><img loading=\"lazy\" decoding=\"async\" class=\"alignnone size-medium wp-image-146\" src=\"https:\/\/konopnamaryska.pl\/wp-content\/uploads\/2021\/11\/IMG-20211026-WA0012-300x200.jpg\" alt=\"\" width=\"300\" height=\"200\" srcset=\"https:\/\/konopnamaryska.pl\/wp-content\/uploads\/2021\/11\/IMG-20211026-WA0012-300x200.jpg 300w, https:\/\/konopnamaryska.pl\/wp-content\/uploads\/2021\/11\/IMG-20211026-WA0012-1024x682.jpg 1024w, https:\/\/konopnamaryska.pl\/wp-content\/uploads\/2021\/11\/IMG-20211026-WA0012-768x512.jpg 768w, https:\/\/konopnamaryska.pl\/wp-content\/uploads\/2021\/11\/IMG-20211026-WA0012-1536x1024.jpg 1536w, https:\/\/konopnamaryska.pl\/wp-content\/uploads\/2021\/11\/IMG-20211026-WA0012-830x553.jpg 830w, https:\/\/konopnamaryska.pl\/wp-content\/uploads\/2021\/11\/IMG-20211026-WA0012-230x153.jpg 230w, https:\/\/konopnamaryska.pl\/wp-content\/uploads\/2021\/11\/IMG-20211026-WA0012-350x233.jpg 350w, https:\/\/konopnamaryska.pl\/wp-content\/uploads\/2021\/11\/IMG-20211026-WA0012-480x320.jpg 480w, https:\/\/konopnamaryska.pl\/wp-content\/uploads\/2021\/11\/IMG-20211026-WA0012-600x400.jpg 600w, https:\/\/konopnamaryska.pl\/wp-content\/uploads\/2021\/11\/IMG-20211026-WA0012.jpg 1772w\" sizes=\"(max-width: 300px) 100vw, 300px\" \/> <img loading=\"lazy\" decoding=\"async\" class=\"alignnone size-medium wp-image-147\" src=\"https:\/\/konopnamaryska.pl\/wp-content\/uploads\/2021\/11\/IMG-20211026-WA0016-300x200.jpg\" alt=\"\" width=\"300\" height=\"200\" srcset=\"https:\/\/konopnamaryska.pl\/wp-content\/uploads\/2021\/11\/IMG-20211026-WA0016-300x200.jpg 300w, https:\/\/konopnamaryska.pl\/wp-content\/uploads\/2021\/11\/IMG-20211026-WA0016-1024x682.jpg 1024w, https:\/\/konopnamaryska.pl\/wp-content\/uploads\/2021\/11\/IMG-20211026-WA0016-768x512.jpg 768w, https:\/\/konopnamaryska.pl\/wp-content\/uploads\/2021\/11\/IMG-20211026-WA0016-1536x1024.jpg 1536w, https:\/\/konopnamaryska.pl\/wp-content\/uploads\/2021\/11\/IMG-20211026-WA0016-830x553.jpg 830w, https:\/\/konopnamaryska.pl\/wp-content\/uploads\/2021\/11\/IMG-20211026-WA0016-230x153.jpg 230w, https:\/\/konopnamaryska.pl\/wp-content\/uploads\/2021\/11\/IMG-20211026-WA0016-350x233.jpg 350w, https:\/\/konopnamaryska.pl\/wp-content\/uploads\/2021\/11\/IMG-20211026-WA0016-480x320.jpg 480w, https:\/\/konopnamaryska.pl\/wp-content\/uploads\/2021\/11\/IMG-20211026-WA0016-600x400.jpg 600w, https:\/\/konopnamaryska.pl\/wp-content\/uploads\/2021\/11\/IMG-20211026-WA0016.jpg 1772w\" sizes=\"(max-width: 300px) 100vw, 300px\" \/><\/p>\n","protected":false},"excerpt":{"rendered":"<p>Susz CBD To w 100% legalny herbatkowy susz konopny sk\u0142adaj\u0105cy si\u0119 wy\u0142\u0105cznie z \u017ce\u0144skich kwiat\u00f3w Cannabis Sativa L. Produkt dla konopnych koneser\u00f3w. Wszystkie nasze konopie urodzi\u0142y si\u0119 w szklarni na Lubelszczy\u017anie, w gospodarstwie chronionym biologicznie. Nasze boginki mia\u0142y okazj\u0119 nasi\u0105kn\u0105\u0107 jedynie dobrym jako\u015bciowo powietrzem z dala od zanieczyszcze\u0144 miejskich. Zbierane r\u0119cznie, dzi\u0119ki czemu ich py\u0142ki [&hellip;]<\/p>\n","protected":false},"featured_media":146,"comment_status":"open","ping_status":"closed","template":"","meta":[],"product_cat":[18,33],"product_tag":[36,24,25,23,28],"class_list":["post-274","product","type-product","status-publish","has-post-thumbnail","hentry","product_cat-uncategorized","product_cat-cbd","product_tag-cbd","product_tag-do-palenia","product_tag-do-skreta","product_tag-susz","product_tag-susz-konopny"],"_links":{"self":[{"href":"https:\/\/konopnamaryska.pl\/index.php\/wp-json\/wp\/v3\/product\/274"}],"collection":[{"href":"https:\/\/konopnamaryska.pl\/index.php\/wp-json\/wp\/v3\/product"}],"about":[{"href":"https:\/\/konopnamaryska.pl\/index.php\/wp-json\/wp\/v2\/types\/product"}],"replies":[{"embeddable":true,"href":"https:\/\/konopnamaryska.pl\/index.php\/wp-json\/wp\/v2\/comments?post=274"}],"wp:featuredmedia":[{"embeddable":true,"href":"https:\/\/konopnamaryska.pl\/index.php\/wp-json\/wp\/v2\/media\/146"}],"wp:attachment":[{"href":"https:\/\/konopnamaryska.pl\/index.php\/wp-json\/wp\/v2\/media?parent=274"}],"wp:term":[{"taxonomy":"product_cat","embeddable":true,"href":"https:\/\/konopnamaryska.pl\/index.php\/wp-json\/wp\/v2\/product_cat?post=274"},{"taxonomy":"product_tag","embeddable":true,"href":"https:\/\/konopnamaryska.pl\/index.php\/wp-json\/wp\/v2\/product_tag?post=274"}],"curies":[{"name":"wp","href":"https:\/\/api.w.org\/{rel}","templated":true}]}}