{"id":281,"date":"2021-11-18T18:46:13","date_gmt":"2021-11-18T17:46:13","guid":{"rendered":"https:\/\/konopnamaryska.pl\/?post_type=product&#038;p=281"},"modified":"2024-09-02T16:46:19","modified_gmt":"2024-09-02T14:46:19","slug":"herbatka-cbd-z-calych-lisci","status":"publish","type":"product","link":"https:\/\/konopnamaryska.pl\/index.php\/product\/herbatka-cbd-z-calych-lisci\/","title":{"rendered":"Herbatka rozlu\u017aniaj\u0105ca CBD"},"content":{"rendered":"<p>Herbata CBD z ca\u0142ych li\u015bci<\/p>\n<p>To w 100% legalny susz z li\u015bci i kwiat\u00f3w konopi CBD<\/p>\n<p>Dzia\u0142a du\u017co delikatniej ni\u017c ekstrakty czy same kwiaty. Ma bardzo ciekawy smak i jest polecana, by delikatnie rozlu\u017ani\u0107 Tw\u00f3j system nerwowy po ci\u0119\u017ckim dniu. Ta herbatka jest pyszna sama w sobie!<\/p>\n<p>Opr\u00f3cz generalnego chillu, herbatka znakomicie sprawdzi si\u0119 przy napi\u0119ciu menstruacyjnym, problemach z prac\u0105 \u017co\u0142\u0105dka itp.. Miej r\u00f3wnie\u017c pewno\u015b\u0107, \u017ce Twoja kupka b\u0119dzie jak marzenie \ud83d\ude09<\/p>\n<p>Herbatka znakomicie smakuje z dodatkiem ja\u015bminu, hibiskusa, li\u015bci mi\u0119ty lub soku z pigwy .<\/p>\n<p>Zalej jak zielon\u0105 herbat\u0119 &#8211; wod\u0105 w temperaturze ok. 8o stopni.<\/p>\n<p>Pami\u0119taj!<\/p>\n<p>Wszystkie nasze konopie urodzi\u0142y si\u0119 w szklarni na Lubelszczy\u017anie, w gospodarstwie <strong>chronionym biologicznie<\/strong>. Nasze boginki mia\u0142y okazj\u0119 nasi\u0105kn\u0105\u0107 jedynie dobrym jako\u015bciowo powietrzem z dala od zanieczyszcze\u0144 miejskich.\u00a0<strong>Zbierane r\u0119cznie,<\/strong>\u00a0dzi\u0119ki czemu ich py\u0142ki zosta\u0142y zasuszone w stanie nienaruszonym.<\/p>\n<p>Li\u015bcie <strong>CBD <\/strong>s\u0105\u00a0bogate s\u0105 w naturalnie<strong>\u00a0<\/strong>wyst\u0119puj\u0105ce w konopiach kannabigerol, kannabinoidy, terpeny oraz flawonoidy. Li\u015bcie konopne s\u0105 naturalne, nie trute \u017cadnymi chemicznymi\u00a0 aromatami, maj\u0105 zapach i smak\u00a0 mary\u015bkowy \ud83d\ude42<\/p>\n<p>&nbsp;<\/p>\n<p><strong>Sk\u0142ad:<\/strong> susz z li\u015bci konopnych (Cannabis Sativa L.)<\/p>\n<p>&nbsp;<\/p>\n<p>Chroni\u0107 przed \u015bwiat\u0142em.<br \/>\nPrzechowywa\u0107 w miejscu suchym.<\/p>\n<div id=\"product-description-short-217\">\n<p>NIE ZAWIERA SUBSTANCJI\u00a0 PSYCHOAKTYWNYCH<\/p>\n<\/div>\n<p>&nbsp;<\/p>\n<p>&nbsp;<\/p>\n<p><img loading=\"lazy\" decoding=\"async\" class=\"alignnone size-medium wp-image-164\" src=\"https:\/\/konopnamaryska.pl\/wp-content\/uploads\/2021\/11\/IMG-20211026-WA0014-300x200.jpg\" alt=\"\" width=\"300\" height=\"200\" srcset=\"https:\/\/konopnamaryska.pl\/wp-content\/uploads\/2021\/11\/IMG-20211026-WA0014-300x200.jpg 300w, https:\/\/konopnamaryska.pl\/wp-content\/uploads\/2021\/11\/IMG-20211026-WA0014-1024x682.jpg 1024w, https:\/\/konopnamaryska.pl\/wp-content\/uploads\/2021\/11\/IMG-20211026-WA0014-768x512.jpg 768w, https:\/\/konopnamaryska.pl\/wp-content\/uploads\/2021\/11\/IMG-20211026-WA0014-1536x1024.jpg 1536w, https:\/\/konopnamaryska.pl\/wp-content\/uploads\/2021\/11\/IMG-20211026-WA0014-830x553.jpg 830w, https:\/\/konopnamaryska.pl\/wp-content\/uploads\/2021\/11\/IMG-20211026-WA0014-230x153.jpg 230w, https:\/\/konopnamaryska.pl\/wp-content\/uploads\/2021\/11\/IMG-20211026-WA0014-350x233.jpg 350w, https:\/\/konopnamaryska.pl\/wp-content\/uploads\/2021\/11\/IMG-20211026-WA0014-480x320.jpg 480w, https:\/\/konopnamaryska.pl\/wp-content\/uploads\/2021\/11\/IMG-20211026-WA0014-600x400.jpg 600w, https:\/\/konopnamaryska.pl\/wp-content\/uploads\/2021\/11\/IMG-20211026-WA0014.jpg 1772w\" sizes=\"(max-width: 300px) 100vw, 300px\" \/><\/p>\n","protected":false},"excerpt":{"rendered":"<p>Herbata CBD z ca\u0142ych li\u015bci To w 100% legalny susz z li\u015bci i kwiat\u00f3w konopi CBD Dzia\u0142a du\u017co delikatniej ni\u017c ekstrakty czy same kwiaty. Ma bardzo ciekawy smak i jest polecana, by delikatnie rozlu\u017ani\u0107 Tw\u00f3j system nerwowy po ci\u0119\u017ckim dniu. Ta herbatka jest pyszna sama w sobie! Opr\u00f3cz generalnego chillu, herbatka znakomicie sprawdzi si\u0119 przy [&hellip;]<\/p>\n","protected":false},"featured_media":164,"comment_status":"open","ping_status":"closed","template":"","meta":[],"product_cat":[18,33],"product_tag":[36,20,19,21],"class_list":["post-281","product","type-product","status-publish","has-post-thumbnail","hentry","product_cat-uncategorized","product_cat-cbd","product_tag-cbd","product_tag-do-picia","product_tag-herbata","product_tag-herbatka"],"_links":{"self":[{"href":"https:\/\/konopnamaryska.pl\/index.php\/wp-json\/wp\/v3\/product\/281"}],"collection":[{"href":"https:\/\/konopnamaryska.pl\/index.php\/wp-json\/wp\/v3\/product"}],"about":[{"href":"https:\/\/konopnamaryska.pl\/index.php\/wp-json\/wp\/v2\/types\/product"}],"replies":[{"embeddable":true,"href":"https:\/\/konopnamaryska.pl\/index.php\/wp-json\/wp\/v2\/comments?post=281"}],"wp:featuredmedia":[{"embeddable":true,"href":"https:\/\/konopnamaryska.pl\/index.php\/wp-json\/wp\/v2\/media\/164"}],"wp:attachment":[{"href":"https:\/\/konopnamaryska.pl\/index.php\/wp-json\/wp\/v2\/media?parent=281"}],"wp:term":[{"taxonomy":"product_cat","embeddable":true,"href":"https:\/\/konopnamaryska.pl\/index.php\/wp-json\/wp\/v2\/product_cat?post=281"},{"taxonomy":"product_tag","embeddable":true,"href":"https:\/\/konopnamaryska.pl\/index.php\/wp-json\/wp\/v2\/product_tag?post=281"}],"curies":[{"name":"wp","href":"https:\/\/api.w.org\/{rel}","templated":true}]}}