{"id":519,"date":"2023-08-16T16:12:38","date_gmt":"2023-08-16T14:12:38","guid":{"rendered":"https:\/\/konopnamaryska.pl\/?post_type=product&#038;p=519"},"modified":"2024-01-02T12:04:25","modified_gmt":"2024-01-02T11:04:25","slug":"olejek-na-sen","status":"publish","type":"product","link":"https:\/\/konopnamaryska.pl\/index.php\/product\/olejek-na-sen\/","title":{"rendered":"Olejek na sen"},"content":{"rendered":"<p>Olejek na sen to kombinacja ekstraktu z cdb oraz chmielu. Zapewni Ci bardzo skuteczn\u0105 i naturaln\u0105 opcj\u0119 na zdrowy, pe\u0142en regeneracji sen.<\/p>\n<p>&nbsp;<\/p>\n<p>Zawarto\u015b\u0107 naturalnego ekstraktu z chmielu ok 5%<\/p>\n<p>Zawarto\u015b\u0107 CBD wynosi 25% (2500mg).<\/p>\n<p>Krople CBD to najczystsze i najsilniejsze organiczne olejki CBG.<\/p>\n<p>Ekstrakcja olejku\u00a0<strong>najzdrowsz\u0105 metod\u0105<\/strong>, czyli alkoholow\u0105, dzi\u0119ki czemu olejek Ci\u0119 nie uczuli, co jest kluczowe przy chorobach takich jak stwardnienie rozsiane, borelioza itp. kiedy system immunologiczny ju\u017c jest mocno nadwer\u0119\u017cony.<\/p>\n<p>Nasze ekstrakty robimy na naturalnej\u00a0 oliwie z oliwek virgin i jako praktycznie jedyni w Polsce nie stosujemy\u00a0<strong>\u017cadnych konserwant\u00f3w<\/strong>\u00a0do olejk\u00f3w! Mo\u017cesz by\u0107 pewien, \u017ce dostaniesz najczystszy produkt dost\u0119pny na rynku.<\/p>\n<p>Pami\u0119taj, \u017ce wszystkie nasze konopie urodzi\u0142y si\u0119 w szklarni na Lubelszczy\u017anie, w gospodarstwie\u00a0<strong>chronionym biologicznie<\/strong>. Nasze boginki mia\u0142y okazj\u0119 nasi\u0105kn\u0105\u0107 jedynie dobrym jako\u015bciowo powietrzem z dala od zanieczyszcze\u0144 miejskich.<\/p>\n<p>&nbsp;<\/p>\n<p><strong>Sk\u0142ad:<\/strong> oliwa z oliwek virgin, ekstrakt konopny (Cannabis Sativa L.), naturalne terpeny, ekstrakt z chmielu<\/p>\n<p><strong>Data wa\u017cno\u015bci<\/strong>:\u00a0 min. 1 rok od otwarcia z racji nie stosowania \u017cadnych konserwant\u00f3w.<\/p>\n<p>Przed u\u017cyciem wstrz\u0105sn\u0105\u0107.<br \/>\nChroni\u0107 przed \u015bwiat\u0142em.<br \/>\nPrzechowywa\u0107 w miejscu niedost\u0119pnym dla dzieci.<\/p>\n<p class=\"p1\">Stosowanie olejku:<\/p>\n<p class=\"p1\">Zacznij od 1 kropli przed snem, po tygodniu zwi\u0119ksz ilo\u015b\u0107 o kropelk\u0119. W kolejnych tygodniach w razie potrzeby zwi\u0119ksz ilo\u015b\u0107 o kolejn\u0105 kropl\u0119, itd.. Olejek aplikuj pod j\u0119zyk i przez oko\u0142o 5 minut powstrzymaj si\u0119 od jedzenia i<span class=\"Apple-converted-space\">\u00a0 <\/span>picia, \u017ceby si\u0119 dobrze wch\u0142on\u0105\u0142.<\/p>\n<p>&nbsp;<\/p>\n<div id=\"product-description-short-217\">\n<p><strong>Oryginalny i certyfikowany preparat.<\/strong><\/p>\n<p>Produkt zawiera 14,05% CBD, 0,37% CBG,&lt;0,2% THC i jest w 100% legalny.<\/p>\n<p>NIE ZAWIERA SUBSTANCJI\u00a0 PSYCHOAKTYWNYCH<\/p>\n<p><img loading=\"lazy\" decoding=\"async\" class=\"alignnone size-medium wp-image-534\" src=\"https:\/\/konopnamaryska.pl\/wp-content\/uploads\/2023\/08\/Naklejka-Olejek-na-Sen-3x8cm-300x113.jpg\" alt=\"\" width=\"300\" height=\"113\" srcset=\"https:\/\/konopnamaryska.pl\/wp-content\/uploads\/2023\/08\/Naklejka-Olejek-na-Sen-3x8cm-300x113.jpg 300w, https:\/\/konopnamaryska.pl\/wp-content\/uploads\/2023\/08\/Naklejka-Olejek-na-Sen-3x8cm-768x288.jpg 768w, https:\/\/konopnamaryska.pl\/wp-content\/uploads\/2023\/08\/Naklejka-Olejek-na-Sen-3x8cm-830x311.jpg 830w, https:\/\/konopnamaryska.pl\/wp-content\/uploads\/2023\/08\/Naklejka-Olejek-na-Sen-3x8cm-230x86.jpg 230w, https:\/\/konopnamaryska.pl\/wp-content\/uploads\/2023\/08\/Naklejka-Olejek-na-Sen-3x8cm-350x131.jpg 350w, https:\/\/konopnamaryska.pl\/wp-content\/uploads\/2023\/08\/Naklejka-Olejek-na-Sen-3x8cm-480x180.jpg 480w, https:\/\/konopnamaryska.pl\/wp-content\/uploads\/2023\/08\/Naklejka-Olejek-na-Sen-3x8cm-600x225.jpg 600w, https:\/\/konopnamaryska.pl\/wp-content\/uploads\/2023\/08\/Naklejka-Olejek-na-Sen-3x8cm.jpg 944w\" sizes=\"(max-width: 300px) 100vw, 300px\" \/><\/p>\n<\/div>\n","protected":false},"excerpt":{"rendered":"<p>Olejek na sen to kombinacja ekstraktu z cdb oraz chmielu. Zapewni Ci bardzo skuteczn\u0105 i naturaln\u0105 opcj\u0119 na zdrowy, pe\u0142en regeneracji sen. &nbsp; Zawarto\u015b\u0107 naturalnego ekstraktu z chmielu ok 5% Zawarto\u015b\u0107 CBD wynosi 25% (2500mg). Krople CBD to najczystsze i najsilniejsze organiczne olejki CBG. Ekstrakcja olejku\u00a0najzdrowsz\u0105 metod\u0105, czyli alkoholow\u0105, dzi\u0119ki czemu olejek Ci\u0119 nie uczuli, [&hellip;]<\/p>\n","protected":false},"featured_media":534,"comment_status":"open","ping_status":"closed","template":"","meta":[],"product_cat":[18,38,33],"product_tag":[36,41,30,34,39,31,40],"class_list":["post-519","product","type-product","status-publish","has-post-thumbnail","hentry","product_cat-uncategorized","product_cat-chmiel","product_cat-cbd","product_tag-cbd","product_tag-chmiel","product_tag-ekstrakt","product_tag-ekstrakt-cbd","product_tag-ekstrakt-na-sen","product_tag-olejek","product_tag-olejek-na-sen"],"_links":{"self":[{"href":"https:\/\/konopnamaryska.pl\/index.php\/wp-json\/wp\/v3\/product\/519"}],"collection":[{"href":"https:\/\/konopnamaryska.pl\/index.php\/wp-json\/wp\/v3\/product"}],"about":[{"href":"https:\/\/konopnamaryska.pl\/index.php\/wp-json\/wp\/v2\/types\/product"}],"replies":[{"embeddable":true,"href":"https:\/\/konopnamaryska.pl\/index.php\/wp-json\/wp\/v2\/comments?post=519"}],"wp:featuredmedia":[{"embeddable":true,"href":"https:\/\/konopnamaryska.pl\/index.php\/wp-json\/wp\/v2\/media\/534"}],"wp:attachment":[{"href":"https:\/\/konopnamaryska.pl\/index.php\/wp-json\/wp\/v2\/media?parent=519"}],"wp:term":[{"taxonomy":"product_cat","embeddable":true,"href":"https:\/\/konopnamaryska.pl\/index.php\/wp-json\/wp\/v2\/product_cat?post=519"},{"taxonomy":"product_tag","embeddable":true,"href":"https:\/\/konopnamaryska.pl\/index.php\/wp-json\/wp\/v2\/product_tag?post=519"}],"curies":[{"name":"wp","href":"https:\/\/api.w.org\/{rel}","templated":true}]}}