{"id":523,"date":"2023-08-16T16:31:32","date_gmt":"2023-08-16T14:31:32","guid":{"rendered":"https:\/\/konopnamaryska.pl\/?post_type=product&#038;p=523"},"modified":"2024-09-02T16:47:28","modified_gmt":"2024-09-02T14:47:28","slug":"olejek-z-chmielu","status":"publish","type":"product","link":"https:\/\/konopnamaryska.pl\/index.php\/product\/olejek-z-chmielu\/","title":{"rendered":"Olejek z chmielu -bardzo mocny ok. 30%"},"content":{"rendered":"<p>Olejek z chmielu zapewni Ci bardzo skuteczn\u0105 i naturaln\u0105 opcj\u0119 na zdrowy, pe\u0142en regeneracji sen.<\/p>\n<p>Tylko dla u\u017cytkownik\u00f3w, kt\u00f3rzy brali wcze\u015bniej ju\u017c ekstrakt z chmielu! Ekstremalnie silny smak!<\/p>\n<p>&nbsp;<\/p>\n<p>Zawarto\u015b\u0107 naturalnego ekstraktu z chmielu ok 30-35%<\/p>\n<p>&nbsp;<\/p>\n<p>Nasze ekstrakty robimy na naturalnej\u00a0 oliwie z oliwek virgin i jako praktycznie jedyni w Polsce nie stosujemy\u00a0<strong>\u017cadnych konserwant\u00f3w<\/strong>\u00a0do olejk\u00f3w! Mo\u017cesz by\u0107 pewien, \u017ce dostaniesz najczystszy produkt dost\u0119pny na rynku.<\/p>\n<p>Pami\u0119taj, \u017ce wszystkie nasze produkty chmielowe pochodz\u0105 z upraw na Lubelszczy\u017anie, w gospodarstwie <strong>chronionym biologicznie<\/strong>. Nasze produkty mia\u0142y okazj\u0119 nasi\u0105kn\u0105\u0107 jedynie dobrym jako\u015bciowo powietrzem z dala od zanieczyszcze\u0144 miejskich.<\/p>\n<p>&nbsp;<\/p>\n<p><strong>Sk\u0142ad:<\/strong> oliwa z oliwek virgin, ekstrakt z chmielu<\/p>\n<p><strong>Data wa\u017cno\u015bci<\/strong>:\u00a0 min. 1 rok od otwarcia z racji nie stosowania \u017cadnych konserwant\u00f3w.<\/p>\n<p>Przed u\u017cyciem wstrz\u0105sn\u0105\u0107.<br \/>\nChroni\u0107 przed \u015bwiat\u0142em.<br \/>\nPrzechowywa\u0107 w miejscu niedost\u0119pnym dla dzieci.<\/p>\n<p class=\"p1\">Stosowanie olejku:<\/p>\n<p class=\"p1\">Zacznij od 1 kropli przed snem, po tygodniu zwi\u0119ksz ilo\u015b\u0107 o kropelk\u0119. W kolejnych tygodniach w razie potrzeby zwi\u0119ksz ilo\u015b\u0107 o kolejn\u0105 kropl\u0119, itd.. Olejek aplikuj pod j\u0119zyk i przez oko\u0142o 5 minut powstrzymaj si\u0119 od jedzenia i<span class=\"Apple-converted-space\">\u00a0 <\/span>picia, \u017ceby si\u0119 dobrze wch\u0142on\u0105\u0142.<\/p>\n<p>Z uwagi na wyj\u0105tkowo gorzki smak chmielu, je\u015bli Ci to przeszkadza, dodaj par\u0119 kropli miodu przy aplikacji.<\/p>\n<div id=\"product-description-short-217\">\n<p><strong>Oryginalny i certyfikowany preparat.<\/strong><\/p>\n<p>Produkt jest w 100% legalny.<\/p>\n<p>NIE ZAWIERA SUBSTANCJI\u00a0 PSYCHOAKTYWNYCH<\/p>\n<p>&nbsp;<\/p>\n<\/div>\n<p><img loading=\"lazy\" decoding=\"async\" class=\"alignnone size-medium wp-image-536\" src=\"https:\/\/konopnamaryska.pl\/wp-content\/uploads\/2023\/08\/Naklejka-Olejek-z-Chmielu-30-300x113.jpeg\" alt=\"\" width=\"300\" height=\"113\" srcset=\"https:\/\/konopnamaryska.pl\/wp-content\/uploads\/2023\/08\/Naklejka-Olejek-z-Chmielu-30-300x113.jpeg 300w, https:\/\/konopnamaryska.pl\/wp-content\/uploads\/2023\/08\/Naklejka-Olejek-z-Chmielu-30-768x288.jpeg 768w, https:\/\/konopnamaryska.pl\/wp-content\/uploads\/2023\/08\/Naklejka-Olejek-z-Chmielu-30-830x311.jpeg 830w, https:\/\/konopnamaryska.pl\/wp-content\/uploads\/2023\/08\/Naklejka-Olejek-z-Chmielu-30-230x86.jpeg 230w, https:\/\/konopnamaryska.pl\/wp-content\/uploads\/2023\/08\/Naklejka-Olejek-z-Chmielu-30-350x131.jpeg 350w, https:\/\/konopnamaryska.pl\/wp-content\/uploads\/2023\/08\/Naklejka-Olejek-z-Chmielu-30-480x180.jpeg 480w, https:\/\/konopnamaryska.pl\/wp-content\/uploads\/2023\/08\/Naklejka-Olejek-z-Chmielu-30-600x225.jpeg 600w, https:\/\/konopnamaryska.pl\/wp-content\/uploads\/2023\/08\/Naklejka-Olejek-z-Chmielu-30.jpeg 944w\" sizes=\"(max-width: 300px) 100vw, 300px\" \/><\/p>\n","protected":false},"excerpt":{"rendered":"<p>Olejek z chmielu zapewni Ci bardzo skuteczn\u0105 i naturaln\u0105 opcj\u0119 na zdrowy, pe\u0142en regeneracji sen. Tylko dla u\u017cytkownik\u00f3w, kt\u00f3rzy brali wcze\u015bniej ju\u017c ekstrakt z chmielu! Ekstremalnie silny smak! &nbsp; Zawarto\u015b\u0107 naturalnego ekstraktu z chmielu ok 30-35% &nbsp; Nasze ekstrakty robimy na naturalnej\u00a0 oliwie z oliwek virgin i jako praktycznie jedyni w Polsce nie stosujemy\u00a0\u017cadnych konserwant\u00f3w\u00a0do [&hellip;]<\/p>\n","protected":false},"featured_media":638,"comment_status":"open","ping_status":"closed","template":"","meta":[],"product_cat":[18,38],"product_tag":[41,30,39,31,40,45],"class_list":["post-523","product","type-product","status-publish","has-post-thumbnail","hentry","product_cat-uncategorized","product_cat-chmiel","product_tag-chmiel","product_tag-ekstrakt","product_tag-ekstrakt-na-sen","product_tag-olejek","product_tag-olejek-na-sen","product_tag-prezent"],"_links":{"self":[{"href":"https:\/\/konopnamaryska.pl\/index.php\/wp-json\/wp\/v3\/product\/523"}],"collection":[{"href":"https:\/\/konopnamaryska.pl\/index.php\/wp-json\/wp\/v3\/product"}],"about":[{"href":"https:\/\/konopnamaryska.pl\/index.php\/wp-json\/wp\/v2\/types\/product"}],"replies":[{"embeddable":true,"href":"https:\/\/konopnamaryska.pl\/index.php\/wp-json\/wp\/v2\/comments?post=523"}],"wp:featuredmedia":[{"embeddable":true,"href":"https:\/\/konopnamaryska.pl\/index.php\/wp-json\/wp\/v2\/media\/638"}],"wp:attachment":[{"href":"https:\/\/konopnamaryska.pl\/index.php\/wp-json\/wp\/v2\/media?parent=523"}],"wp:term":[{"taxonomy":"product_cat","embeddable":true,"href":"https:\/\/konopnamaryska.pl\/index.php\/wp-json\/wp\/v2\/product_cat?post=523"},{"taxonomy":"product_tag","embeddable":true,"href":"https:\/\/konopnamaryska.pl\/index.php\/wp-json\/wp\/v2\/product_tag?post=523"}],"curies":[{"name":"wp","href":"https:\/\/api.w.org\/{rel}","templated":true}]}}