{"id":526,"date":"2023-08-16T16:42:25","date_gmt":"2023-08-16T14:42:25","guid":{"rendered":"https:\/\/konopnamaryska.pl\/?post_type=product&#038;p=526"},"modified":"2024-01-02T12:04:34","modified_gmt":"2024-01-02T11:04:34","slug":"olejek-z-chmielu-5","status":"publish","type":"product","link":"https:\/\/konopnamaryska.pl\/index.php\/product\/olejek-z-chmielu-5\/","title":{"rendered":"Olejek z chmielu -5%"},"content":{"rendered":"<p>Olejek z chmielu zapewni Ci bardzo skuteczn\u0105 i naturaln\u0105 opcj\u0119 na zdrowy, pe\u0142en regeneracji sen.<\/p>\n<p>&nbsp;<\/p>\n<p>Zawarto\u015b\u0107 naturalnego ekstraktu z chmielu ok 5%<\/p>\n<p>&nbsp;<\/p>\n<p>Nasze ekstrakty robimy na naturalnej\u00a0 oliwie z oliwek virgin i jako praktycznie jedyni w Polsce nie stosujemy\u00a0<strong>\u017cadnych konserwant\u00f3w<\/strong>\u00a0do olejk\u00f3w! Mo\u017cesz by\u0107 pewien, \u017ce dostaniesz najczystszy produkt dost\u0119pny na rynku.<\/p>\n<p>Pami\u0119taj, \u017ce wszystkie nasze produkty chmielowe pochodz\u0105 z upraw na Lubelszczy\u017anie, w gospodarstwie <strong>chronionym biologicznie<\/strong>. Nasze produkty mia\u0142y okazj\u0119 nasi\u0105kn\u0105\u0107 jedynie dobrym jako\u015bciowo powietrzem z dala od zanieczyszcze\u0144 miejskich.<\/p>\n<p>&nbsp;<\/p>\n<p><strong>Sk\u0142ad:<\/strong> oliwa z oliwek virgin, ), ekstrakt z chmielu<\/p>\n<p><strong>Data wa\u017cno\u015bci<\/strong>:\u00a0 min. 1 rok od otwarcia z racji nie stosowania \u017cadnych konserwant\u00f3w.<\/p>\n<p>Przed u\u017cyciem wstrz\u0105sn\u0105\u0107.<br \/>\nChroni\u0107 przed \u015bwiat\u0142em.<br \/>\nPrzechowywa\u0107 w miejscu niedost\u0119pnym dla dzieci.<\/p>\n<p class=\"p1\">Stosowanie olejku:<\/p>\n<p class=\"p1\">Zacznij od 1 kropli przed snem, po tygodniu zwi\u0119ksz ilo\u015b\u0107 o kropelk\u0119. W kolejnych tygodniach w razie potrzeby zwi\u0119ksz ilo\u015b\u0107 o kolejn\u0105 kropl\u0119, itd.. Olejek aplikuj pod j\u0119zyk i przez oko\u0142o 5 minut powstrzymaj si\u0119 od jedzenia i<span class=\"Apple-converted-space\">\u00a0 <\/span>picia, \u017ceby si\u0119 dobrze wch\u0142on\u0105\u0142.<\/p>\n<p>Z uwagi na wyj\u0105tkowo gorzki smak chmielu, je\u015bli Ci to przeszkadza, dodaj par\u0119 kropli miodu przy aplikacji.<\/p>\n<div id=\"product-description-short-217\">\n<p><strong>Oryginalny i certyfikowany preparat.<\/strong><\/p>\n<p>Produkt jest w 100% legalny.<\/p>\n<p>NIE ZAWIERA SUBSTANCJI\u00a0 PSYCHOAKTYWNYCH<\/p>\n<p>&nbsp;<\/p>\n<\/div>\n<p><img loading=\"lazy\" decoding=\"async\" class=\"alignnone size-medium wp-image-535\" src=\"https:\/\/konopnamaryska.pl\/wp-content\/uploads\/2023\/08\/Naklejka-Olejek-z-Chmielu-3x8cm-300x113.jpg\" alt=\"\" width=\"300\" height=\"113\" srcset=\"https:\/\/konopnamaryska.pl\/wp-content\/uploads\/2023\/08\/Naklejka-Olejek-z-Chmielu-3x8cm-300x113.jpg 300w, https:\/\/konopnamaryska.pl\/wp-content\/uploads\/2023\/08\/Naklejka-Olejek-z-Chmielu-3x8cm-768x288.jpg 768w, https:\/\/konopnamaryska.pl\/wp-content\/uploads\/2023\/08\/Naklejka-Olejek-z-Chmielu-3x8cm-830x311.jpg 830w, https:\/\/konopnamaryska.pl\/wp-content\/uploads\/2023\/08\/Naklejka-Olejek-z-Chmielu-3x8cm-230x86.jpg 230w, https:\/\/konopnamaryska.pl\/wp-content\/uploads\/2023\/08\/Naklejka-Olejek-z-Chmielu-3x8cm-350x131.jpg 350w, https:\/\/konopnamaryska.pl\/wp-content\/uploads\/2023\/08\/Naklejka-Olejek-z-Chmielu-3x8cm-480x180.jpg 480w, https:\/\/konopnamaryska.pl\/wp-content\/uploads\/2023\/08\/Naklejka-Olejek-z-Chmielu-3x8cm-600x225.jpg 600w, https:\/\/konopnamaryska.pl\/wp-content\/uploads\/2023\/08\/Naklejka-Olejek-z-Chmielu-3x8cm.jpg 944w\" sizes=\"(max-width: 300px) 100vw, 300px\" \/><\/p>\n","protected":false},"excerpt":{"rendered":"<p>Olejek z chmielu zapewni Ci bardzo skuteczn\u0105 i naturaln\u0105 opcj\u0119 na zdrowy, pe\u0142en regeneracji sen. &nbsp; Zawarto\u015b\u0107 naturalnego ekstraktu z chmielu ok 5% &nbsp; Nasze ekstrakty robimy na naturalnej\u00a0 oliwie z oliwek virgin i jako praktycznie jedyni w Polsce nie stosujemy\u00a0\u017cadnych konserwant\u00f3w\u00a0do olejk\u00f3w! Mo\u017cesz by\u0107 pewien, \u017ce dostaniesz najczystszy produkt dost\u0119pny na rynku. Pami\u0119taj, \u017ce [&hellip;]<\/p>\n","protected":false},"featured_media":535,"comment_status":"open","ping_status":"closed","template":"","meta":[],"product_cat":[18,38],"product_tag":[36,41,30,34,39,31,40],"class_list":["post-526","product","type-product","status-publish","has-post-thumbnail","hentry","product_cat-uncategorized","product_cat-chmiel","product_tag-cbd","product_tag-chmiel","product_tag-ekstrakt","product_tag-ekstrakt-cbd","product_tag-ekstrakt-na-sen","product_tag-olejek","product_tag-olejek-na-sen"],"_links":{"self":[{"href":"https:\/\/konopnamaryska.pl\/index.php\/wp-json\/wp\/v3\/product\/526"}],"collection":[{"href":"https:\/\/konopnamaryska.pl\/index.php\/wp-json\/wp\/v3\/product"}],"about":[{"href":"https:\/\/konopnamaryska.pl\/index.php\/wp-json\/wp\/v2\/types\/product"}],"replies":[{"embeddable":true,"href":"https:\/\/konopnamaryska.pl\/index.php\/wp-json\/wp\/v2\/comments?post=526"}],"wp:featuredmedia":[{"embeddable":true,"href":"https:\/\/konopnamaryska.pl\/index.php\/wp-json\/wp\/v2\/media\/535"}],"wp:attachment":[{"href":"https:\/\/konopnamaryska.pl\/index.php\/wp-json\/wp\/v2\/media?parent=526"}],"wp:term":[{"taxonomy":"product_cat","embeddable":true,"href":"https:\/\/konopnamaryska.pl\/index.php\/wp-json\/wp\/v2\/product_cat?post=526"},{"taxonomy":"product_tag","embeddable":true,"href":"https:\/\/konopnamaryska.pl\/index.php\/wp-json\/wp\/v2\/product_tag?post=526"}],"curies":[{"name":"wp","href":"https:\/\/api.w.org\/{rel}","templated":true}]}}