{"id":608,"date":"2023-11-24T20:04:04","date_gmt":"2023-11-24T19:04:04","guid":{"rendered":"https:\/\/konopnamaryska.pl\/?post_type=product&#038;p=608"},"modified":"2024-09-02T16:55:05","modified_gmt":"2024-09-02T14:55:05","slug":"swiateczny-zestaw-rozluzniajacy-dla-poczatkujacych-cbd","status":"publish","type":"product","link":"https:\/\/konopnamaryska.pl\/index.php\/product\/swiateczny-zestaw-rozluzniajacy-dla-poczatkujacych-cbd\/","title":{"rendered":"Zestaw rozlu\u017aniaj\u0105cy dla pocz\u0105tkuj\u0105cych CBD"},"content":{"rendered":"<p>Zestaw ma\u0142y:<\/p>\n<p>Herbata CBD z ca\u0142ych li\u015bci 40 g<\/p>\n<p>Ekstrakt CBD 15% 10 ml<\/p>\n<p>&nbsp;<\/p>\n<p>Zestaw du\u017cy:<\/p>\n<p>Herbata CBD z ca\u0142ych li\u015bci 100g<\/p>\n<p>Ekstrakt CBD 15% 30 ml<\/p>\n","protected":false},"excerpt":{"rendered":"<p>Zestaw ma\u0142y: Herbata CBD z ca\u0142ych li\u015bci 40 g Ekstrakt CBD 15% 10 ml &nbsp; Zestaw du\u017cy: Herbata CBD z ca\u0142ych li\u015bci 100g Ekstrakt CBD 15% 30 ml<\/p>\n","protected":false},"featured_media":640,"comment_status":"open","ping_status":"closed","template":"","meta":[],"product_cat":[18,33],"product_tag":[36,21,61,52,62,51,49,54,45,60],"class_list":["post-608","product","type-product","status-publish","has-post-thumbnail","hentry","product_cat-uncategorized","product_cat-cbd","product_tag-cbd","product_tag-herbatka","product_tag-herbatka-cbd","product_tag-miesiaczka","product_tag-na-miesiaczke","product_tag-na-okres","product_tag-pms","product_tag-pod-choinke","product_tag-prezent","product_tag-zestaw-cbd"],"_links":{"self":[{"href":"https:\/\/konopnamaryska.pl\/index.php\/wp-json\/wp\/v3\/product\/608"}],"collection":[{"href":"https:\/\/konopnamaryska.pl\/index.php\/wp-json\/wp\/v3\/product"}],"about":[{"href":"https:\/\/konopnamaryska.pl\/index.php\/wp-json\/wp\/v2\/types\/product"}],"replies":[{"embeddable":true,"href":"https:\/\/konopnamaryska.pl\/index.php\/wp-json\/wp\/v2\/comments?post=608"}],"wp:featuredmedia":[{"embeddable":true,"href":"https:\/\/konopnamaryska.pl\/index.php\/wp-json\/wp\/v2\/media\/640"}],"wp:attachment":[{"href":"https:\/\/konopnamaryska.pl\/index.php\/wp-json\/wp\/v2\/media?parent=608"}],"wp:term":[{"taxonomy":"product_cat","embeddable":true,"href":"https:\/\/konopnamaryska.pl\/index.php\/wp-json\/wp\/v2\/product_cat?post=608"},{"taxonomy":"product_tag","embeddable":true,"href":"https:\/\/konopnamaryska.pl\/index.php\/wp-json\/wp\/v2\/product_tag?post=608"}],"curies":[{"name":"wp","href":"https:\/\/api.w.org\/{rel}","templated":true}]}}