{"id":611,"date":"2023-11-24T20:06:49","date_gmt":"2023-11-24T19:06:49","guid":{"rendered":"https:\/\/konopnamaryska.pl\/?post_type=product&#038;p=611"},"modified":"2024-09-02T16:54:07","modified_gmt":"2024-09-02T14:54:07","slug":"swiateczny-zestaw-wzmcniajacy-dla-poczatkujacych-cbg","status":"publish","type":"product","link":"https:\/\/konopnamaryska.pl\/index.php\/product\/swiateczny-zestaw-wzmcniajacy-dla-poczatkujacych-cbg\/","title":{"rendered":"Zestaw wzmacniaj\u0105cy dla pocz\u0105tkuj\u0105cych CBG"},"content":{"rendered":"<p>Zestaw ma\u0142y:<\/p>\n<p>Herbata CBG z ca\u0142ych li\u015bci 40 g<\/p>\n<p>Ekstrakt CBG 15% 10 ml<\/p>\n<p>&nbsp;<\/p>\n<p>Zestaw du\u017cy:<\/p>\n<p>Herbata CBG z ca\u0142ych li\u015bci 100g<\/p>\n<p>Ekstrakt CBG 15% 30 ml<\/p>\n","protected":false},"excerpt":{"rendered":"<p>Zestaw ma\u0142y: Herbata CBG z ca\u0142ych li\u015bci 40 g Ekstrakt CBG 15% 10 ml &nbsp; Zestaw du\u017cy: Herbata CBG z ca\u0142ych li\u015bci 100g Ekstrakt CBG 15% 30 ml<\/p>\n","protected":false},"featured_media":641,"comment_status":"open","ping_status":"closed","template":"","meta":[],"product_cat":[18,22],"product_tag":[32,59,29,21,58,54,45,42,43,57],"class_list":["post-611","product","type-product","status-publish","has-post-thumbnail","hentry","product_cat-uncategorized","product_cat-cbg","product_tag-cbg","product_tag-dla-poczatkujacych","product_tag-ekstrakt-cbg","product_tag-herbatka","product_tag-olejek-cbg","product_tag-pod-choinke","product_tag-prezent","product_tag-zestaw","product_tag-zestaw-cbg","product_tag-zestwa-cbg"],"_links":{"self":[{"href":"https:\/\/konopnamaryska.pl\/index.php\/wp-json\/wp\/v3\/product\/611"}],"collection":[{"href":"https:\/\/konopnamaryska.pl\/index.php\/wp-json\/wp\/v3\/product"}],"about":[{"href":"https:\/\/konopnamaryska.pl\/index.php\/wp-json\/wp\/v2\/types\/product"}],"replies":[{"embeddable":true,"href":"https:\/\/konopnamaryska.pl\/index.php\/wp-json\/wp\/v2\/comments?post=611"}],"wp:featuredmedia":[{"embeddable":true,"href":"https:\/\/konopnamaryska.pl\/index.php\/wp-json\/wp\/v2\/media\/641"}],"wp:attachment":[{"href":"https:\/\/konopnamaryska.pl\/index.php\/wp-json\/wp\/v2\/media?parent=611"}],"wp:term":[{"taxonomy":"product_cat","embeddable":true,"href":"https:\/\/konopnamaryska.pl\/index.php\/wp-json\/wp\/v2\/product_cat?post=611"},{"taxonomy":"product_tag","embeddable":true,"href":"https:\/\/konopnamaryska.pl\/index.php\/wp-json\/wp\/v2\/product_tag?post=611"}],"curies":[{"name":"wp","href":"https:\/\/api.w.org\/{rel}","templated":true}]}}