{"id":614,"date":"2023-11-24T20:07:59","date_gmt":"2023-11-24T19:07:59","guid":{"rendered":"https:\/\/konopnamaryska.pl\/?post_type=product&#038;p=614"},"modified":"2024-09-02T16:53:43","modified_gmt":"2024-09-02T14:53:43","slug":"swiateczny-zestaw-wzmacniajacy-dla-zaawansowanych-cbg","status":"publish","type":"product","link":"https:\/\/konopnamaryska.pl\/index.php\/product\/swiateczny-zestaw-wzmacniajacy-dla-zaawansowanych-cbg\/","title":{"rendered":"Zestaw wzmacniaj\u0105cy dla zaawansowanych CBG"},"content":{"rendered":"<p>Zestaw ma\u0142y:<\/p>\n<p>Herbata CBG z ca\u0142ych li\u015bci 40 g<\/p>\n<p>Ekstrakt CBG 25% 10 ml<\/p>\n<p>&nbsp;<\/p>\n<p>Zestaw du\u017cy:<\/p>\n<p>Herbata CBG z ca\u0142ych li\u015bci 100g<\/p>\n<p>Ekstrakt CBG 25% 30 ml<\/p>\n","protected":false},"excerpt":{"rendered":"<p>Zestaw ma\u0142y: Herbata CBG z ca\u0142ych li\u015bci 40 g Ekstrakt CBG 25% 10 ml &nbsp; Zestaw du\u017cy: Herbata CBG z ca\u0142ych li\u015bci 100g Ekstrakt CBG 25% 30 ml<\/p>\n","protected":false},"featured_media":641,"comment_status":"open","ping_status":"closed","template":"","meta":[],"product_cat":[18,22],"product_tag":[32,55,44,54,56,42,43],"class_list":["post-614","product","type-product","status-publish","has-post-thumbnail","hentry","product_cat-uncategorized","product_cat-cbg","product_tag-cbg","product_tag-na-prezent","product_tag-na-wzmocnienie","product_tag-pod-choinke","product_tag-zaawansowany","product_tag-zestaw","product_tag-zestaw-cbg"],"_links":{"self":[{"href":"https:\/\/konopnamaryska.pl\/index.php\/wp-json\/wp\/v3\/product\/614"}],"collection":[{"href":"https:\/\/konopnamaryska.pl\/index.php\/wp-json\/wp\/v3\/product"}],"about":[{"href":"https:\/\/konopnamaryska.pl\/index.php\/wp-json\/wp\/v2\/types\/product"}],"replies":[{"embeddable":true,"href":"https:\/\/konopnamaryska.pl\/index.php\/wp-json\/wp\/v2\/comments?post=614"}],"wp:featuredmedia":[{"embeddable":true,"href":"https:\/\/konopnamaryska.pl\/index.php\/wp-json\/wp\/v2\/media\/641"}],"wp:attachment":[{"href":"https:\/\/konopnamaryska.pl\/index.php\/wp-json\/wp\/v2\/media?parent=614"}],"wp:term":[{"taxonomy":"product_cat","embeddable":true,"href":"https:\/\/konopnamaryska.pl\/index.php\/wp-json\/wp\/v2\/product_cat?post=614"},{"taxonomy":"product_tag","embeddable":true,"href":"https:\/\/konopnamaryska.pl\/index.php\/wp-json\/wp\/v2\/product_tag?post=614"}],"curies":[{"name":"wp","href":"https:\/\/api.w.org\/{rel}","templated":true}]}}