{"id":617,"date":"2023-11-24T20:09:31","date_gmt":"2023-11-24T19:09:31","guid":{"rendered":"https:\/\/konopnamaryska.pl\/?post_type=product&#038;p=617"},"modified":"2024-01-02T12:04:26","modified_gmt":"2024-01-02T11:04:26","slug":"zrelaksowany-pies-chillowy-kot-ekstrakt-cbd-5","status":"publish","type":"product","link":"https:\/\/konopnamaryska.pl\/index.php\/product\/zrelaksowany-pies-chillowy-kot-ekstrakt-cbd-5\/","title":{"rendered":"Zrelaksowany pies \/ chillowy kot- ekstrakt CBD 5%"},"content":{"rendered":"<p>Zawarto\u015b\u0107 CBD wynosi 5% (500mg).<\/p>\n<p>Krople CBD to najczystsze i najsilniejsze organiczne olejki CBG.<\/p>\n<p>Ekstrakcja olejku <strong>najzdrowsz\u0105 metod\u0105<\/strong>, czyli alkoholow\u0105, dzi\u0119ki czemu olejek Ci\u0119 nie uczuli, co jest kluczowe przy chorobach takich jak stwardnienie rozsiane, borelioza itp. kiedy system immunologiczny ju\u017c jest mocno nadwer\u0119\u017cony.<\/p>\n<p>Nasze ekstrakty robimy na naturalnej\u00a0 oliwie z oliwek virgin i jako praktycznie jedyni w Polsce nie stosujemy <strong>\u017cadnych konserwant\u00f3w<\/strong> do olejk\u00f3w! Mo\u017cesz by\u0107 pewien, \u017ce dostaniesz najczystszy produkt dost\u0119pny na rynku.<\/p>\n<p>Pami\u0119taj, \u017ce wszystkie nasze konopie urodzi\u0142y si\u0119 w szklarni na Lubelszczy\u017anie, w gospodarstwie <strong>chronionym biologicznie<\/strong>. Nasze boginki mia\u0142y okazj\u0119 nasi\u0105kn\u0105\u0107 jedynie dobrym jako\u015bciowo powietrzem z dala od zanieczyszcze\u0144 miejskich.<\/p>\n<p>&nbsp;<\/p>\n<p><strong>Sk\u0142ad:<\/strong>\u00a0oliwa z oliwek virgin, ekstrakt konopny (Cannabis Sativa L.), naturalne terpeny.<\/p>\n<p><strong>Data wa\u017cno\u015bci<\/strong>:\u00a0 min. 1 rok od otwarcia z racji nie stosowania \u017cadnych konserwant\u00f3w.<\/p>\n<p>Przed u\u017cyciem wstrz\u0105sn\u0105\u0107.<br \/>\nChroni\u0107 przed \u015bwiat\u0142em.<br \/>\nPrzechowywa\u0107 w miejscu niedost\u0119pnym dla dzieci.<\/p>\n<p class=\"p1\"><strong>Stosowanie olejku:<\/strong><\/p>\n<p class=\"p1\">Zacznij od 3 kropli 3x dziennie, po tygodniu zwi\u0119ksz ilo\u015b\u0107 o kropelk\u0119. W kolejnych tygodniach w razie potrzeby zwi\u0119ksz ilo\u015b\u0107 o kolejn\u0105 kropl\u0119, itd.. Olejek aplikuj pod j\u0119zyk i przez oko\u0142o 5 minut nie dawaj psu\/ kotu nic do jedzenia i<span class=\"Apple-converted-space\">\u00a0 <\/span>picia.<\/p>\n<p>W razie nag\u0142ej potrzeby zastosuj do 10 kropli jednorazowo<\/p>\n<p>W przypadku, gdy wiesz, \u017ce b\u0119dzie g\u0142o\u015bno i niekomfortowo dla psa\/ kota, zacznij podawanie kropli na dob\u0119 przed wydarzeniem<\/p>\n<div id=\"product-description-short-217\">\n<p><strong>Oryginalny i certyfikowany preparat.<\/strong><\/p>\n<p>Produkt zawiera &lt;0,2% THC i jest\u00a0w 100% legalny.<\/p>\n<\/div>\n<div class=\"product-actions\"><img loading=\"lazy\" decoding=\"async\" class=\"alignnone size-medium wp-image-259\" src=\"https:\/\/konopnamaryska.pl\/wp-content\/uploads\/2021\/11\/cbd5-300x200.jpg\" alt=\"\" width=\"300\" height=\"200\" srcset=\"https:\/\/konopnamaryska.pl\/wp-content\/uploads\/2021\/11\/cbd5-300x200.jpg 300w, https:\/\/konopnamaryska.pl\/wp-content\/uploads\/2021\/11\/cbd5-1024x683.jpg 1024w, https:\/\/konopnamaryska.pl\/wp-content\/uploads\/2021\/11\/cbd5-768x512.jpg 768w, https:\/\/konopnamaryska.pl\/wp-content\/uploads\/2021\/11\/cbd5-1536x1024.jpg 1536w, https:\/\/konopnamaryska.pl\/wp-content\/uploads\/2021\/11\/cbd5-830x553.jpg 830w, https:\/\/konopnamaryska.pl\/wp-content\/uploads\/2021\/11\/cbd5-230x153.jpg 230w, https:\/\/konopnamaryska.pl\/wp-content\/uploads\/2021\/11\/cbd5-350x233.jpg 350w, https:\/\/konopnamaryska.pl\/wp-content\/uploads\/2021\/11\/cbd5-480x320.jpg 480w, https:\/\/konopnamaryska.pl\/wp-content\/uploads\/2021\/11\/cbd5-600x400.jpg 600w, https:\/\/konopnamaryska.pl\/wp-content\/uploads\/2021\/11\/cbd5.jpg 1771w\" sizes=\"(max-width: 300px) 100vw, 300px\" \/><\/div>\n","protected":false},"excerpt":{"rendered":"<p>Zawarto\u015b\u0107 CBD wynosi 5% (500mg). Krople CBD to najczystsze i najsilniejsze organiczne olejki CBG. Ekstrakcja olejku najzdrowsz\u0105 metod\u0105, czyli alkoholow\u0105, dzi\u0119ki czemu olejek Ci\u0119 nie uczuli, co jest kluczowe przy chorobach takich jak stwardnienie rozsiane, borelioza itp. kiedy system immunologiczny ju\u017c jest mocno nadwer\u0119\u017cony. Nasze ekstrakty robimy na naturalnej\u00a0 oliwie z oliwek virgin i jako [&hellip;]<\/p>\n","protected":false},"featured_media":579,"comment_status":"open","ping_status":"closed","template":"","meta":[],"product_cat":[18,33],"product_tag":[32,30,34,35,31],"class_list":["post-617","product","type-product","status-publish","has-post-thumbnail","hentry","product_cat-uncategorized","product_cat-cbd","product_tag-cbg","product_tag-ekstrakt","product_tag-ekstrakt-cbd","product_tag-na-sen","product_tag-olejek"],"_links":{"self":[{"href":"https:\/\/konopnamaryska.pl\/index.php\/wp-json\/wp\/v3\/product\/617"}],"collection":[{"href":"https:\/\/konopnamaryska.pl\/index.php\/wp-json\/wp\/v3\/product"}],"about":[{"href":"https:\/\/konopnamaryska.pl\/index.php\/wp-json\/wp\/v2\/types\/product"}],"replies":[{"embeddable":true,"href":"https:\/\/konopnamaryska.pl\/index.php\/wp-json\/wp\/v2\/comments?post=617"}],"wp:featuredmedia":[{"embeddable":true,"href":"https:\/\/konopnamaryska.pl\/index.php\/wp-json\/wp\/v2\/media\/579"}],"wp:attachment":[{"href":"https:\/\/konopnamaryska.pl\/index.php\/wp-json\/wp\/v2\/media?parent=617"}],"wp:term":[{"taxonomy":"product_cat","embeddable":true,"href":"https:\/\/konopnamaryska.pl\/index.php\/wp-json\/wp\/v2\/product_cat?post=617"},{"taxonomy":"product_tag","embeddable":true,"href":"https:\/\/konopnamaryska.pl\/index.php\/wp-json\/wp\/v2\/product_tag?post=617"}],"curies":[{"name":"wp","href":"https:\/\/api.w.org\/{rel}","templated":true}]}}