{"id":622,"date":"2023-11-24T20:13:46","date_gmt":"2023-11-24T19:13:46","guid":{"rendered":"https:\/\/konopnamaryska.pl\/?post_type=product&#038;p=622"},"modified":"2024-09-02T16:36:12","modified_gmt":"2024-09-02T14:36:12","slug":"swiateczny-eliksirowy-mega-zestaw-cbg-cbd-dla-poczatkujacych","status":"publish","type":"product","link":"https:\/\/konopnamaryska.pl\/index.php\/product\/swiateczny-eliksirowy-mega-zestaw-cbg-cbd-dla-poczatkujacych\/","title":{"rendered":"MEGA zestaw CBG + CBD dla pocz\u0105tkuj\u0105cych"},"content":{"rendered":"<p>Zestaw ma\u0142y:<\/p>\n<p>2x Ekstrakt CBG 15% 10 ml<\/p>\n<p>2x Ekstrakt CBD 15% 10 ml<\/p>\n<p>2x Herbatka 40g CBD<\/p>\n<p>2x Herbatka 40g CBG<\/p>\n<p>&nbsp;<\/p>\n<p>Zestaw du\u017cy:<\/p>\n<p>2x Ekstrakt CBG 15% 30 ml<\/p>\n<p>2x Ekstrakt CBD 15% 30 ml<\/p>\n<p>2x Herbatka 100g CBD<\/p>\n<p>2x Herbatka 100g CBG<\/p>\n","protected":false},"excerpt":{"rendered":"<p>Zestaw ma\u0142y: 2x Ekstrakt CBG 15% 10 ml 2x Ekstrakt CBD 15% 10 ml 2x Herbatka 40g CBD 2x Herbatka 40g CBG &nbsp; Zestaw du\u017cy: 2x Ekstrakt CBG 15% 30 ml 2x Ekstrakt CBD 15% 30 ml 2x Herbatka 100g CBD 2x Herbatka 100g CBG<\/p>\n","protected":false},"featured_media":642,"comment_status":"open","ping_status":"closed","template":"","meta":[],"product_cat":[18,33,22],"product_tag":[36,21,55,53,35,44,54,45,42,43],"class_list":["post-622","product","type-product","status-publish","has-post-thumbnail","hentry","product_cat-uncategorized","product_cat-cbd","product_cat-cbg","product_tag-cbd","product_tag-herbatka","product_tag-na-prezent","product_tag-na-rozluznienie","product_tag-na-sen","product_tag-na-wzmocnienie","product_tag-pod-choinke","product_tag-prezent","product_tag-zestaw","product_tag-zestaw-cbg"],"_links":{"self":[{"href":"https:\/\/konopnamaryska.pl\/index.php\/wp-json\/wp\/v3\/product\/622"}],"collection":[{"href":"https:\/\/konopnamaryska.pl\/index.php\/wp-json\/wp\/v3\/product"}],"about":[{"href":"https:\/\/konopnamaryska.pl\/index.php\/wp-json\/wp\/v2\/types\/product"}],"replies":[{"embeddable":true,"href":"https:\/\/konopnamaryska.pl\/index.php\/wp-json\/wp\/v2\/comments?post=622"}],"wp:featuredmedia":[{"embeddable":true,"href":"https:\/\/konopnamaryska.pl\/index.php\/wp-json\/wp\/v2\/media\/642"}],"wp:attachment":[{"href":"https:\/\/konopnamaryska.pl\/index.php\/wp-json\/wp\/v2\/media?parent=622"}],"wp:term":[{"taxonomy":"product_cat","embeddable":true,"href":"https:\/\/konopnamaryska.pl\/index.php\/wp-json\/wp\/v2\/product_cat?post=622"},{"taxonomy":"product_tag","embeddable":true,"href":"https:\/\/konopnamaryska.pl\/index.php\/wp-json\/wp\/v2\/product_tag?post=622"}],"curies":[{"name":"wp","href":"https:\/\/api.w.org\/{rel}","templated":true}]}}